
{"id":29485,"date":"2023-02-14T07:47:47","date_gmt":"2023-02-14T11:02:18","guid":{"rendered":"https:\/\/www.triangleeditorial.com\/producto\/park-guell-2\/"},"modified":"2023-02-14T11:03:27","modified_gmt":"2023-02-14T11:03:27","slug":"park-guell-2","status":"publish","type":"product","link":"https:\/\/triangle.cat\/es\/producto\/park-guell-2\/","title":{"rendered":"Park G\u00fcell"},"content":{"rendered":"","protected":false},"excerpt":{"rendered":"<p>Esta obra nos descubre los misterios del Park G\u00fcell y nos muestra a un Gaud\u00ed y a un G\u00fcell atrevidos, ecl\u00e9cticos, cat\u00f3licos, masones, sincr\u00e9ticos o incluso bromistas. El lector sumar\u00e1 al placer de la investigaci\u00f3n rigurosa y la audacia interpretativa todos los alicientes de una novela hist\u00f3rica de misterio.<\/p>\n","protected":false},"featured_media":7819,"comment_status":"closed","ping_status":"closed","template":"","meta":{"_acf_changed":false,"_monsterinsights_skip_tracking":false,"_monsterinsights_sitenote_active":false,"_monsterinsights_sitenote_note":"","_monsterinsights_sitenote_category":0},"product_brand":[],"product_cat":[1558,1537],"product_tag":[991,292,295,1008,1054,293,319,1095,1089],"class_list":{"0":"post-29485","1":"product","2":"type-product","3":"status-publish","4":"has-post-thumbnail","6":"product_cat-antoni-gaudi-es","7":"product_cat-arte-y-arquitectura-es","8":"product_tag-aleman-es","9":"product_tag-catalan","10":"product_tag-espanol","11":"product_tag-frances-es","12":"product_tag-holanda","13":"product_tag-ingles","14":"product_tag-italiano","15":"product_tag-japones-es","16":"product_tag-ruso-es","17":"pa_idioma-catalan","18":"pa_idioma-deutsch-es","19":"pa_idioma-english-es","20":"pa_idioma-espanol-es-2","21":"pa_idioma-francais-es","22":"pa_idioma-italiano-es","23":"pa_idioma-nederlands-es","24":"pa_idioma--es","27":"first","28":"instock","29":"taxable","30":"shipping-taxable","31":"purchasable","32":"product-type-variable","33":"has-default-attributes"},"acf":[],"_links":{"self":[{"href":"https:\/\/triangle.cat\/es\/wp-json\/wp\/v2\/product\/29485","targetHints":{"allow":["GET"]}}],"collection":[{"href":"https:\/\/triangle.cat\/es\/wp-json\/wp\/v2\/product"}],"about":[{"href":"https:\/\/triangle.cat\/es\/wp-json\/wp\/v2\/types\/product"}],"replies":[{"embeddable":true,"href":"https:\/\/triangle.cat\/es\/wp-json\/wp\/v2\/comments?post=29485"}],"wp:featuredmedia":[{"embeddable":true,"href":"https:\/\/triangle.cat\/es\/wp-json\/wp\/v2\/media\/7819"}],"wp:attachment":[{"href":"https:\/\/triangle.cat\/es\/wp-json\/wp\/v2\/media?parent=29485"}],"wp:term":[{"taxonomy":"product_brand","embeddable":true,"href":"https:\/\/triangle.cat\/es\/wp-json\/wp\/v2\/product_brand?post=29485"},{"taxonomy":"product_cat","embeddable":true,"href":"https:\/\/triangle.cat\/es\/wp-json\/wp\/v2\/product_cat?post=29485"},{"taxonomy":"product_tag","embeddable":true,"href":"https:\/\/triangle.cat\/es\/wp-json\/wp\/v2\/product_tag?post=29485"}],"curies":[{"name":"wp","href":"https:\/\/api.w.org\/{rel}","templated":true}]}}