
{"id":29483,"date":"2023-02-14T07:44:55","date_gmt":"2023-02-14T10:59:24","guid":{"rendered":"https:\/\/www.triangleeditorial.com\/producto\/costa-brava-6\/"},"modified":"2023-04-11T09:55:19","modified_gmt":"2023-04-11T09:55:19","slug":"costa-brava-6","status":"publish","type":"product","link":"https:\/\/triangle.cat\/es\/producto\/costa-brava-6\/","title":{"rendered":"Costa Brava"},"content":{"rendered":"","protected":false},"excerpt":{"rendered":"<p>A partir de una investigaci\u00f3n sistem\u00e1tica sobre la imagen tur\u00edstica difundida a trav\u00e9s de las postales de las d\u00e9cadas de 1960 y 1970, Jordi Puig nos propone en este libro identificar el imaginario que, en aquellos a\u00f1os, supimos o quisimos proyectar de la Costa Brava y de nuestro pa\u00eds. Pero tambi\u00e9n habla sobre el trabajo de los fot\u00f3grafos y sus editoriales, la cultura popular, el contraste entre tradici\u00f3n y modernidad, la arquitectura y el paisaje o la evoluci\u00f3n de la postal como forma de expresi\u00f3n visual y escrita. Y sobre el turismo como fen\u00f3meno cultural de masas. Editorial \u00darsula Llibres.<\/p>\n","protected":false},"featured_media":30439,"comment_status":"closed","ping_status":"closed","template":"","meta":{"_acf_changed":false,"_monsterinsights_skip_tracking":false,"_monsterinsights_sitenote_active":false,"_monsterinsights_sitenote_note":"","_monsterinsights_sitenote_category":0},"product_brand":[],"product_cat":[1543,1460],"product_tag":[],"class_list":{"0":"post-29483","1":"product","2":"type-product","3":"status-publish","4":"has-post-thumbnail","6":"product_cat-cataluna-es","7":"product_cat-sin-categorizar-es","8":"pa_idioma-multilingue-catala-espanol-english-francais-es","10":"first","11":"instock","12":"taxable","13":"shipping-taxable","14":"purchasable","15":"product-type-variable","16":"has-default-attributes"},"acf":[],"_links":{"self":[{"href":"https:\/\/triangle.cat\/es\/wp-json\/wp\/v2\/product\/29483","targetHints":{"allow":["GET"]}}],"collection":[{"href":"https:\/\/triangle.cat\/es\/wp-json\/wp\/v2\/product"}],"about":[{"href":"https:\/\/triangle.cat\/es\/wp-json\/wp\/v2\/types\/product"}],"replies":[{"embeddable":true,"href":"https:\/\/triangle.cat\/es\/wp-json\/wp\/v2\/comments?post=29483"}],"wp:featuredmedia":[{"embeddable":true,"href":"https:\/\/triangle.cat\/es\/wp-json\/wp\/v2\/media\/30439"}],"wp:attachment":[{"href":"https:\/\/triangle.cat\/es\/wp-json\/wp\/v2\/media?parent=29483"}],"wp:term":[{"taxonomy":"product_brand","embeddable":true,"href":"https:\/\/triangle.cat\/es\/wp-json\/wp\/v2\/product_brand?post=29483"},{"taxonomy":"product_cat","embeddable":true,"href":"https:\/\/triangle.cat\/es\/wp-json\/wp\/v2\/product_cat?post=29483"},{"taxonomy":"product_tag","embeddable":true,"href":"https:\/\/triangle.cat\/es\/wp-json\/wp\/v2\/product_tag?post=29483"}],"curies":[{"name":"wp","href":"https:\/\/api.w.org\/{rel}","templated":true}]}}