
{"id":29474,"date":"2023-02-14T07:43:57","date_gmt":"2023-02-14T10:58:21","guid":{"rendered":"https:\/\/www.triangleeditorial.com\/producto\/la-pedrera\/"},"modified":"2023-02-14T10:59:26","modified_gmt":"2023-02-14T10:59:26","slug":"la-pedrera","status":"publish","type":"product","link":"https:\/\/triangle.cat\/es\/producto\/la-pedrera\/","title":{"rendered":"La Pedrera"},"content":{"rendered":"","protected":false},"excerpt":{"rendered":"<p>La Casa Mil\u00e0, conocida popularmente como \u201cLa Pedrera\u201d, fue un edificio incomprendido y objeto de burla de sus contempor\u00e1neos. Hoy, sin embargo, esta obra de Antoni Gaud\u00ed despierta la admiraci\u00f3n de especialistas y profanos. Libro monogr\u00e1fico, con desplegables panor\u00e1micos de las partes mas destacadas del edificio. Texto de introducci\u00f3n a cargo de Josep M. Carandell.<\/p>\n","protected":false},"featured_media":7798,"comment_status":"closed","ping_status":"closed","template":"","meta":{"_acf_changed":false,"_monsterinsights_skip_tracking":false,"_monsterinsights_sitenote_active":false,"_monsterinsights_sitenote_note":"","_monsterinsights_sitenote_category":0},"product_brand":[],"product_cat":[1558],"product_tag":[991,292,1092,295,1008,293,319,1095],"class_list":{"0":"post-29474","1":"product","2":"type-product","3":"status-publish","4":"has-post-thumbnail","6":"product_cat-antoni-gaudi-es","7":"product_tag-aleman-es","8":"product_tag-catalan","9":"product_tag-chino-es","10":"product_tag-espanol","11":"product_tag-frances-es","12":"product_tag-ingles","13":"product_tag-italiano","14":"product_tag-japones-es","15":"pa_idioma-catalan","16":"pa_idioma-deutsch-es","17":"pa_idioma-english-es","18":"pa_idioma-espanol-es-2","19":"pa_idioma-francais-es","20":"pa_idioma-italiano-es","21":"pa_idioma--es","24":"first","25":"instock","26":"taxable","27":"shipping-taxable","28":"purchasable","29":"product-type-variable","30":"has-default-attributes"},"acf":[],"_links":{"self":[{"href":"https:\/\/triangle.cat\/es\/wp-json\/wp\/v2\/product\/29474","targetHints":{"allow":["GET"]}}],"collection":[{"href":"https:\/\/triangle.cat\/es\/wp-json\/wp\/v2\/product"}],"about":[{"href":"https:\/\/triangle.cat\/es\/wp-json\/wp\/v2\/types\/product"}],"replies":[{"embeddable":true,"href":"https:\/\/triangle.cat\/es\/wp-json\/wp\/v2\/comments?post=29474"}],"wp:featuredmedia":[{"embeddable":true,"href":"https:\/\/triangle.cat\/es\/wp-json\/wp\/v2\/media\/7798"}],"wp:attachment":[{"href":"https:\/\/triangle.cat\/es\/wp-json\/wp\/v2\/media?parent=29474"}],"wp:term":[{"taxonomy":"product_brand","embeddable":true,"href":"https:\/\/triangle.cat\/es\/wp-json\/wp\/v2\/product_brand?post=29474"},{"taxonomy":"product_cat","embeddable":true,"href":"https:\/\/triangle.cat\/es\/wp-json\/wp\/v2\/product_cat?post=29474"},{"taxonomy":"product_tag","embeddable":true,"href":"https:\/\/triangle.cat\/es\/wp-json\/wp\/v2\/product_tag?post=29474"}],"curies":[{"name":"wp","href":"https:\/\/api.w.org\/{rel}","templated":true}]}}