
{"id":29470,"date":"2023-02-14T07:42:24","date_gmt":"2023-02-14T10:56:57","guid":{"rendered":"https:\/\/www.triangleeditorial.com\/producto\/el-primer-gaudi\/"},"modified":"2023-02-14T10:57:13","modified_gmt":"2023-02-14T10:57:13","slug":"el-primer-gaudi","status":"publish","type":"product","link":"https:\/\/triangle.cat\/es\/producto\/el-primer-gaudi\/","title":{"rendered":"El primer Gaud\u00ed"},"content":{"rendered":"","protected":false},"excerpt":{"rendered":"<p>Toda trayectoria profesional tiene un comienzo. Tambi\u00e9n la de Antoni Gaud\u00ed, genio de la arquitectura universal. En \u201cEl primer Gaud\u00ed. La nave de Matar\u00f3\u201d, Daniel Giralt-Miracle, uno de los mejores conocedores de la obra del arquitecto, nos desvela las claves, tanto hist\u00f3ricas como arquitect\u00f3nicas, del primer edificio de Gaud\u00ed. Un edificio que, tras caer en el olvido, hoy luce en todo su esplendor gracias a una cuidadosa restauraci\u00f3n integral.<\/p>\n","protected":false},"featured_media":16518,"comment_status":"closed","ping_status":"closed","template":"","meta":{"_acf_changed":false,"_monsterinsights_skip_tracking":false,"_monsterinsights_sitenote_active":false,"_monsterinsights_sitenote_note":"","_monsterinsights_sitenote_category":0},"product_brand":[],"product_cat":[1558],"product_tag":[292,295,293],"class_list":{"0":"post-29470","1":"product","2":"type-product","3":"status-publish","4":"has-post-thumbnail","6":"product_cat-antoni-gaudi-es","7":"product_tag-catalan","8":"product_tag-espanol","9":"product_tag-ingles","10":"pa_idioma-multilingue-catala-espanol-english-es","12":"first","13":"instock","14":"taxable","15":"shipping-taxable","16":"purchasable","17":"product-type-variable","18":"has-default-attributes"},"acf":[],"_links":{"self":[{"href":"https:\/\/triangle.cat\/es\/wp-json\/wp\/v2\/product\/29470","targetHints":{"allow":["GET"]}}],"collection":[{"href":"https:\/\/triangle.cat\/es\/wp-json\/wp\/v2\/product"}],"about":[{"href":"https:\/\/triangle.cat\/es\/wp-json\/wp\/v2\/types\/product"}],"replies":[{"embeddable":true,"href":"https:\/\/triangle.cat\/es\/wp-json\/wp\/v2\/comments?post=29470"}],"wp:featuredmedia":[{"embeddable":true,"href":"https:\/\/triangle.cat\/es\/wp-json\/wp\/v2\/media\/16518"}],"wp:attachment":[{"href":"https:\/\/triangle.cat\/es\/wp-json\/wp\/v2\/media?parent=29470"}],"wp:term":[{"taxonomy":"product_brand","embeddable":true,"href":"https:\/\/triangle.cat\/es\/wp-json\/wp\/v2\/product_brand?post=29470"},{"taxonomy":"product_cat","embeddable":true,"href":"https:\/\/triangle.cat\/es\/wp-json\/wp\/v2\/product_cat?post=29470"},{"taxonomy":"product_tag","embeddable":true,"href":"https:\/\/triangle.cat\/es\/wp-json\/wp\/v2\/product_tag?post=29470"}],"curies":[{"name":"wp","href":"https:\/\/api.w.org\/{rel}","templated":true}]}}