
{"id":29465,"date":"2023-02-14T07:41:52","date_gmt":"2023-02-14T10:56:20","guid":{"rendered":"https:\/\/www.triangleeditorial.com\/producto\/natura-mallorca\/"},"modified":"2023-02-14T10:56:59","modified_gmt":"2023-02-14T10:56:59","slug":"natura-mallorca","status":"publish","type":"product","link":"https:\/\/triangle.cat\/es\/producto\/natura-mallorca\/","title":{"rendered":"Natura Mallorca"},"content":{"rendered":"","protected":false},"excerpt":{"rendered":"<p>La vegetaci\u00f3n y la fauna de la isla de Mallorca son ricas y variadas. Su entorno biol\u00f3gico alberga una gran cantidad de aves migratorias y especies aut\u00f3ctonas. Los espacios protegidos de la pen\u00ednsula de Llevant, las Marinas de Migjorn, S\u2019Albufera y la Serra de Tramuntana nos muestran las aves, reptiles, insectos y especies bot\u00e1nicas que les dan color y vida.<\/p>\n","protected":false},"featured_media":7789,"comment_status":"closed","ping_status":"closed","template":"","meta":{"_acf_changed":false,"_monsterinsights_skip_tracking":false,"_monsterinsights_sitenote_active":false,"_monsterinsights_sitenote_note":"","_monsterinsights_sitenote_category":0},"product_brand":[],"product_cat":[1553,1570],"product_tag":[991,292,295,293],"class_list":{"0":"post-29465","1":"product","2":"type-product","3":"status-publish","4":"has-post-thumbnail","6":"product_cat-fotografia-y-diseno","7":"product_cat-mallorca-es","8":"product_tag-aleman-es","9":"product_tag-catalan","10":"product_tag-espanol","11":"product_tag-ingles","12":"pa_idioma-catalan","13":"pa_idioma-deutsch-es","14":"pa_idioma-english-es","15":"pa_idioma-espanol-es-2","17":"first","18":"instock","19":"taxable","20":"shipping-taxable","21":"purchasable","22":"product-type-variable","23":"has-default-attributes"},"acf":[],"_links":{"self":[{"href":"https:\/\/triangle.cat\/es\/wp-json\/wp\/v2\/product\/29465","targetHints":{"allow":["GET"]}}],"collection":[{"href":"https:\/\/triangle.cat\/es\/wp-json\/wp\/v2\/product"}],"about":[{"href":"https:\/\/triangle.cat\/es\/wp-json\/wp\/v2\/types\/product"}],"replies":[{"embeddable":true,"href":"https:\/\/triangle.cat\/es\/wp-json\/wp\/v2\/comments?post=29465"}],"wp:featuredmedia":[{"embeddable":true,"href":"https:\/\/triangle.cat\/es\/wp-json\/wp\/v2\/media\/7789"}],"wp:attachment":[{"href":"https:\/\/triangle.cat\/es\/wp-json\/wp\/v2\/media?parent=29465"}],"wp:term":[{"taxonomy":"product_brand","embeddable":true,"href":"https:\/\/triangle.cat\/es\/wp-json\/wp\/v2\/product_brand?post=29465"},{"taxonomy":"product_cat","embeddable":true,"href":"https:\/\/triangle.cat\/es\/wp-json\/wp\/v2\/product_cat?post=29465"},{"taxonomy":"product_tag","embeddable":true,"href":"https:\/\/triangle.cat\/es\/wp-json\/wp\/v2\/product_tag?post=29465"}],"curies":[{"name":"wp","href":"https:\/\/api.w.org\/{rel}","templated":true}]}}