
{"id":29460,"date":"2023-02-14T07:41:14","date_gmt":"2023-02-14T10:55:45","guid":{"rendered":"https:\/\/www.triangleeditorial.com\/producto\/pabellon-mies-van-der-rohe\/"},"modified":"2023-02-14T10:56:21","modified_gmt":"2023-02-14T10:56:21","slug":"pabellon-mies-van-der-rohe","status":"publish","type":"product","link":"https:\/\/triangle.cat\/es\/producto\/pabellon-mies-van-der-rohe\/","title":{"rendered":"Pabell\u00f3n Mies van der Rohe"},"content":{"rendered":"","protected":false},"excerpt":{"rendered":"<p>Mies van der Rohe dio una lecci\u00f3n ejemplar de modernidad y estilo con su Pabell\u00f3n Alem\u00e1n, construido para la Exposici\u00f3n Internacional de Barcelona de 1929. El arquitecto destil\u00f3 su concepto \u201cmenos es m\u00e1s\u201d para crear este singular espacio de luces y sombras, cristal y m\u00e1rmol, aire y agua. Este monogr\u00e1fico nos lo descubre en toda su plenitud.<\/p>\n","protected":false},"featured_media":21401,"comment_status":"closed","ping_status":"closed","template":"","meta":{"_acf_changed":false,"_monsterinsights_skip_tracking":false,"_monsterinsights_sitenote_active":false,"_monsterinsights_sitenote_note":"","_monsterinsights_sitenote_category":0},"product_brand":[],"product_cat":[1537,1553],"product_tag":[991,292,295,1008,293],"class_list":{"0":"post-29460","1":"product","2":"type-product","3":"status-publish","4":"has-post-thumbnail","6":"product_cat-arte-y-arquitectura-es","7":"product_cat-fotografia-y-diseno","8":"product_tag-aleman-es","9":"product_tag-catalan","10":"product_tag-espanol","11":"product_tag-frances-es","12":"product_tag-ingles","13":"pa_idioma-catalan","14":"pa_idioma-deutsch-es","15":"pa_idioma-english-es","16":"pa_idioma-espanol-es-2","17":"pa_idioma-francais-es","19":"first","20":"instock","21":"taxable","22":"shipping-taxable","23":"purchasable","24":"product-type-variable"},"acf":[],"_links":{"self":[{"href":"https:\/\/triangle.cat\/es\/wp-json\/wp\/v2\/product\/29460","targetHints":{"allow":["GET"]}}],"collection":[{"href":"https:\/\/triangle.cat\/es\/wp-json\/wp\/v2\/product"}],"about":[{"href":"https:\/\/triangle.cat\/es\/wp-json\/wp\/v2\/types\/product"}],"replies":[{"embeddable":true,"href":"https:\/\/triangle.cat\/es\/wp-json\/wp\/v2\/comments?post=29460"}],"wp:featuredmedia":[{"embeddable":true,"href":"https:\/\/triangle.cat\/es\/wp-json\/wp\/v2\/media\/21401"}],"wp:attachment":[{"href":"https:\/\/triangle.cat\/es\/wp-json\/wp\/v2\/media?parent=29460"}],"wp:term":[{"taxonomy":"product_brand","embeddable":true,"href":"https:\/\/triangle.cat\/es\/wp-json\/wp\/v2\/product_brand?post=29460"},{"taxonomy":"product_cat","embeddable":true,"href":"https:\/\/triangle.cat\/es\/wp-json\/wp\/v2\/product_cat?post=29460"},{"taxonomy":"product_tag","embeddable":true,"href":"https:\/\/triangle.cat\/es\/wp-json\/wp\/v2\/product_tag?post=29460"}],"curies":[{"name":"wp","href":"https:\/\/api.w.org\/{rel}","templated":true}]}}