
{"id":29451,"date":"2023-02-14T07:38:42","date_gmt":"2023-02-14T10:54:19","guid":{"rendered":"https:\/\/www.triangleeditorial.com\/producto\/mallorca-8\/"},"modified":"2024-11-15T13:44:33","modified_gmt":"2024-11-15T11:44:33","slug":"mallorca-8","status":"publish","type":"product","link":"https:\/\/triangle.cat\/es\/producto\/mallorca-8\/","title":{"rendered":"Mallorca"},"content":{"rendered":"","protected":false},"excerpt":{"rendered":"<p>\u00a1Hay mucho que ver y hacer en\u00a0Mallorca! Desde bonitos pueblos a playas impresionantes, con deliciosos manjares y viajes en tren, es la isla perfecta para peque\u00f1os viajeros.\u00a0Este cuento de cart\u00f3n es ideal para dar a conocer la isla de Mallorca a los viajeros m\u00e1s j\u00f3venes y llevarse un recuerdo de su experiencia. Con sus divertidas ilustraciones podr\u00e1s acompa\u00f1ar a los tres protagonistas en sus aventuras por todos los lugares y experiencias m\u00e1s recomendados para descubrir en familia.\u00a0Con la ayuda de sus padres, los peque\u00f1os podr\u00e1n tambi\u00e9n aprender expresiones t\u00edpicas de la isla y curiosidades de cada uno de los espacios visitados, con el glosario-gu\u00eda al final del cuento.<\/p>\n<p>Libro editado con el apoyo de:<\/p>\n<p><img loading=\"lazy\" decoding=\"async\" class=\"alignnone  wp-image-41544\" src=\"https:\/\/triangle.cat\/wp-content\/uploads\/2024\/07\/LOGO_IEB.jpg\" alt=\"\" width=\"302\" height=\"94\" srcset=\"https:\/\/triangle.cat\/wp-content\/uploads\/2024\/07\/LOGO_IEB.jpg 559w, https:\/\/triangle.cat\/wp-content\/uploads\/2024\/07\/LOGO_IEB-450x140.jpg 450w\" sizes=\"auto, (max-width: 302px) 100vw, 302px\" \/><\/p>\n","protected":false},"featured_media":29452,"comment_status":"closed","ping_status":"closed","template":"","meta":{"_acf_changed":false,"_monsterinsights_skip_tracking":false,"_monsterinsights_sitenote_active":false,"_monsterinsights_sitenote_note":"","_monsterinsights_sitenote_category":0},"product_brand":[],"product_cat":[1564,1913],"product_tag":[991,295,1008,293],"class_list":{"0":"post-29451","1":"product","2":"type-product","3":"status-publish","4":"has-post-thumbnail","6":"product_cat-infantil-es","7":"product_cat-llibres-infantils-es","8":"product_tag-aleman-es","9":"product_tag-espanol","10":"product_tag-frances-es","11":"product_tag-ingles","12":"pa_idioma-deutsch-es","13":"pa_idioma-english-es","14":"pa_idioma-espanol-es-2","15":"pa_idioma-francais-es","16":"pa_idioma-espanol-english-francais-deutsch-es","18":"first","19":"instock","20":"taxable","21":"shipping-taxable","22":"purchasable","23":"product-type-variable","24":"has-default-attributes"},"acf":[],"_links":{"self":[{"href":"https:\/\/triangle.cat\/es\/wp-json\/wp\/v2\/product\/29451","targetHints":{"allow":["GET"]}}],"collection":[{"href":"https:\/\/triangle.cat\/es\/wp-json\/wp\/v2\/product"}],"about":[{"href":"https:\/\/triangle.cat\/es\/wp-json\/wp\/v2\/types\/product"}],"replies":[{"embeddable":true,"href":"https:\/\/triangle.cat\/es\/wp-json\/wp\/v2\/comments?post=29451"}],"wp:featuredmedia":[{"embeddable":true,"href":"https:\/\/triangle.cat\/es\/wp-json\/wp\/v2\/media\/29452"}],"wp:attachment":[{"href":"https:\/\/triangle.cat\/es\/wp-json\/wp\/v2\/media?parent=29451"}],"wp:term":[{"taxonomy":"product_brand","embeddable":true,"href":"https:\/\/triangle.cat\/es\/wp-json\/wp\/v2\/product_brand?post=29451"},{"taxonomy":"product_cat","embeddable":true,"href":"https:\/\/triangle.cat\/es\/wp-json\/wp\/v2\/product_cat?post=29451"},{"taxonomy":"product_tag","embeddable":true,"href":"https:\/\/triangle.cat\/es\/wp-json\/wp\/v2\/product_tag?post=29451"}],"curies":[{"name":"wp","href":"https:\/\/api.w.org\/{rel}","templated":true}]}}