
{"id":29442,"date":"2023-02-14T07:37:17","date_gmt":"2023-02-14T10:53:00","guid":{"rendered":"https:\/\/www.triangleeditorial.com\/producto\/montserrat-2\/"},"modified":"2023-02-14T10:53:52","modified_gmt":"2023-02-14T10:53:52","slug":"montserrat-2","status":"publish","type":"product","link":"https:\/\/triangle.cat\/es\/producto\/montserrat-2\/","title":{"rendered":"Montserrat"},"content":{"rendered":"","protected":false},"excerpt":{"rendered":"<p>Montserrat es uno de los pocos lugares del mundo donde la belleza de la naturaleza, la calidad cultural y la dimensi\u00f3n espiritual est\u00e1n unidas estrechamente. Por ello, el pueblo catal\u00e1n lo ha erigido en uno de sus s\u00edmbolos fundamentales, porque es un enclave singular y un lugar de cultura, un espacio de encuentro y de b\u00fasqueda personal. Este libro repasa la historia, con la bas\u00edlica, el monasterio y la Santa Cueva como ejes principales; ofrece una panor\u00e1mica del macizo con las decenas de cumbres de formas caprichosas, que la imaginaci\u00f3n popular ha bautizado con nombres sugerentes; propone excursiones aptas para todo tipo de usuarios, tanto en cuanto a la edad, como a la forma f\u00edsica o al tiempo disponible; e invita a disfrutar de los espacios de cultura, como el Museo, la Escolan\u00eda, el Espai d\u2019Art Sean Scully o el Aula de Naturaleza, entre otros.<\/p>\n","protected":false},"featured_media":15459,"comment_status":"closed","ping_status":"open","template":"","meta":{"_acf_changed":false,"_monsterinsights_skip_tracking":false,"_monsterinsights_sitenote_active":false,"_monsterinsights_sitenote_note":"","_monsterinsights_sitenote_category":0},"product_brand":[],"product_cat":[1543],"product_tag":[292,295,1008,293,1066,1089],"class_list":{"0":"post-29442","1":"product","2":"type-product","3":"status-publish","4":"has-post-thumbnail","6":"product_cat-cataluna-es","7":"product_tag-catalan","8":"product_tag-espanol","9":"product_tag-frances-es","10":"product_tag-ingles","11":"product_tag-portugues-es","12":"product_tag-ruso-es","13":"pa_idioma-catalan","14":"pa_idioma-english-es","15":"pa_idioma-espanol-es-2","16":"pa_idioma-francais-es","17":"pa_idioma-portugues-es","18":"pa_idioma--es","20":"first","21":"instock","22":"taxable","23":"shipping-taxable","24":"purchasable","25":"product-type-variable","26":"has-default-attributes"},"acf":[],"_links":{"self":[{"href":"https:\/\/triangle.cat\/es\/wp-json\/wp\/v2\/product\/29442","targetHints":{"allow":["GET"]}}],"collection":[{"href":"https:\/\/triangle.cat\/es\/wp-json\/wp\/v2\/product"}],"about":[{"href":"https:\/\/triangle.cat\/es\/wp-json\/wp\/v2\/types\/product"}],"replies":[{"embeddable":true,"href":"https:\/\/triangle.cat\/es\/wp-json\/wp\/v2\/comments?post=29442"}],"wp:featuredmedia":[{"embeddable":true,"href":"https:\/\/triangle.cat\/es\/wp-json\/wp\/v2\/media\/15459"}],"wp:attachment":[{"href":"https:\/\/triangle.cat\/es\/wp-json\/wp\/v2\/media?parent=29442"}],"wp:term":[{"taxonomy":"product_brand","embeddable":true,"href":"https:\/\/triangle.cat\/es\/wp-json\/wp\/v2\/product_brand?post=29442"},{"taxonomy":"product_cat","embeddable":true,"href":"https:\/\/triangle.cat\/es\/wp-json\/wp\/v2\/product_cat?post=29442"},{"taxonomy":"product_tag","embeddable":true,"href":"https:\/\/triangle.cat\/es\/wp-json\/wp\/v2\/product_tag?post=29442"}],"curies":[{"name":"wp","href":"https:\/\/api.w.org\/{rel}","templated":true}]}}