
{"id":29435,"date":"2023-02-14T07:36:31","date_gmt":"2023-02-14T10:52:08","guid":{"rendered":"https:\/\/www.triangleeditorial.com\/producto\/montserrat\/"},"modified":"2023-02-14T10:53:02","modified_gmt":"2023-02-14T10:53:02","slug":"montserrat","status":"publish","type":"product","link":"https:\/\/triangle.cat\/es\/producto\/montserrat\/","title":{"rendered":"Montserrat"},"content":{"rendered":"","protected":false},"excerpt":{"rendered":"<p>Montserrat, la monta\u00f1a sagrada de los catalanes, es uno de los parques naturales m\u00e1s admirados del pa\u00eds. Sus agujas, cimas y pe\u00f1as de formas fant\u00e1sticas han hechizado generaciones de viajeros. Monta\u00f1a, santuario y monasterio se re\u00fanen en un enclave \u00fanico. El Museu de Montserrat alberga un fondo art\u00edstico importante, con pinturas desde los siglos XIII al XX.<\/p>\n","protected":false},"featured_media":7774,"comment_status":"closed","ping_status":"closed","template":"","meta":{"_acf_changed":false,"_monsterinsights_skip_tracking":false,"_monsterinsights_sitenote_active":false,"_monsterinsights_sitenote_note":"","_monsterinsights_sitenote_category":0},"product_brand":[],"product_cat":[1543],"product_tag":[991,292,295,1008,293,1089],"class_list":{"0":"post-29435","1":"product","2":"type-product","3":"status-publish","4":"has-post-thumbnail","6":"product_cat-cataluna-es","7":"product_tag-aleman-es","8":"product_tag-catalan","9":"product_tag-espanol","10":"product_tag-frances-es","11":"product_tag-ingles","12":"product_tag-ruso-es","13":"pa_idioma-catalan","14":"pa_idioma-deutsch-es","15":"pa_idioma-english-es","16":"pa_idioma-espanol-es-2","17":"pa_idioma-francais-es","18":"pa_idioma--es","20":"first","21":"instock","22":"taxable","23":"shipping-taxable","24":"purchasable","25":"product-type-variable","26":"has-default-attributes"},"acf":[],"_links":{"self":[{"href":"https:\/\/triangle.cat\/es\/wp-json\/wp\/v2\/product\/29435","targetHints":{"allow":["GET"]}}],"collection":[{"href":"https:\/\/triangle.cat\/es\/wp-json\/wp\/v2\/product"}],"about":[{"href":"https:\/\/triangle.cat\/es\/wp-json\/wp\/v2\/types\/product"}],"replies":[{"embeddable":true,"href":"https:\/\/triangle.cat\/es\/wp-json\/wp\/v2\/comments?post=29435"}],"wp:featuredmedia":[{"embeddable":true,"href":"https:\/\/triangle.cat\/es\/wp-json\/wp\/v2\/media\/7774"}],"wp:attachment":[{"href":"https:\/\/triangle.cat\/es\/wp-json\/wp\/v2\/media?parent=29435"}],"wp:term":[{"taxonomy":"product_brand","embeddable":true,"href":"https:\/\/triangle.cat\/es\/wp-json\/wp\/v2\/product_brand?post=29435"},{"taxonomy":"product_cat","embeddable":true,"href":"https:\/\/triangle.cat\/es\/wp-json\/wp\/v2\/product_cat?post=29435"},{"taxonomy":"product_tag","embeddable":true,"href":"https:\/\/triangle.cat\/es\/wp-json\/wp\/v2\/product_tag?post=29435"}],"curies":[{"name":"wp","href":"https:\/\/api.w.org\/{rel}","templated":true}]}}