
{"id":29431,"date":"2023-02-14T07:35:31","date_gmt":"2023-02-14T10:51:38","guid":{"rendered":"https:\/\/www.triangleeditorial.com\/producto\/mallorca-6\/"},"modified":"2023-02-14T10:51:55","modified_gmt":"2023-02-14T10:51:55","slug":"mallorca-6","status":"publish","type":"product","link":"https:\/\/triangle.cat\/es\/producto\/mallorca-6\/","title":{"rendered":"Mallorca"},"content":{"rendered":"","protected":false},"excerpt":{"rendered":"<p>Descubra la isla que ha encantado e intrigado a la humanidad desde el inicio de los tiempos. Rica en bellezas naturales, Mallorca es una peque\u00f1a porci\u00f3n del para\u00edso en la tierra, mientras que su frecuente historia turbulenta, le ha legado una herencia cultural sorprendente que puede fascinar a\u00fan al m\u00e1s hastiado de los viajeros.<\/p>\n","protected":false},"featured_media":28040,"comment_status":"closed","ping_status":"closed","template":"","meta":{"_acf_changed":false,"_monsterinsights_skip_tracking":false,"_monsterinsights_sitenote_active":false,"_monsterinsights_sitenote_note":"","_monsterinsights_sitenote_category":0},"product_brand":[],"product_cat":[1570],"product_tag":[292,295,1008,293],"class_list":{"0":"post-29431","1":"product","2":"type-product","3":"status-publish","4":"has-post-thumbnail","6":"product_cat-mallorca-es","7":"product_tag-catalan","8":"product_tag-espanol","9":"product_tag-frances-es","10":"product_tag-ingles","11":"pa_idioma-multilingue-catala-espanol-english-francais-es","13":"first","14":"instock","15":"taxable","16":"shipping-taxable","17":"purchasable","18":"product-type-variable","19":"has-default-attributes"},"acf":[],"_links":{"self":[{"href":"https:\/\/triangle.cat\/es\/wp-json\/wp\/v2\/product\/29431","targetHints":{"allow":["GET"]}}],"collection":[{"href":"https:\/\/triangle.cat\/es\/wp-json\/wp\/v2\/product"}],"about":[{"href":"https:\/\/triangle.cat\/es\/wp-json\/wp\/v2\/types\/product"}],"replies":[{"embeddable":true,"href":"https:\/\/triangle.cat\/es\/wp-json\/wp\/v2\/comments?post=29431"}],"wp:featuredmedia":[{"embeddable":true,"href":"https:\/\/triangle.cat\/es\/wp-json\/wp\/v2\/media\/28040"}],"wp:attachment":[{"href":"https:\/\/triangle.cat\/es\/wp-json\/wp\/v2\/media?parent=29431"}],"wp:term":[{"taxonomy":"product_brand","embeddable":true,"href":"https:\/\/triangle.cat\/es\/wp-json\/wp\/v2\/product_brand?post=29431"},{"taxonomy":"product_cat","embeddable":true,"href":"https:\/\/triangle.cat\/es\/wp-json\/wp\/v2\/product_cat?post=29431"},{"taxonomy":"product_tag","embeddable":true,"href":"https:\/\/triangle.cat\/es\/wp-json\/wp\/v2\/product_tag?post=29431"}],"curies":[{"name":"wp","href":"https:\/\/api.w.org\/{rel}","templated":true}]}}