
{"id":27831,"date":"2023-02-13T20:21:43","date_gmt":"2023-02-13T22:06:48","guid":{"rendered":"https:\/\/www.triangleeditorial.com\/producto\/menorca-talayotica\/"},"modified":"2024-07-21T18:56:07","modified_gmt":"2024-07-21T16:56:07","slug":"menorca-talayotica","status":"publish","type":"product","link":"https:\/\/triangle.cat\/es\/producto\/menorca-talayotica\/","title":{"rendered":"Menorca talay\u00f3tica"},"content":{"rendered":"","protected":false},"excerpt":{"rendered":"<p>La Prehistoria menorquina presenta rasgos espec\u00edficos y diferenciales respecto de la del continente europeo. Ahora que la UNESCO acaba de aceptar la candidatura a Patrimonio Mundial de los monumentos prehist\u00f3ricos de Menorca, esta gu\u00eda es la mejor y m\u00e1s completa manera de conocerlos y visitarlos.Realizada por un equipo de especialistas, explica de forma amena y rigurosa \u2014con ilustraciones que recrean la Menorca talay\u00f3tica y fotograf\u00edas actuales\u2014 las diferentes etapas de los dos mil a\u00f1os de prehistoria menorquina: la vida cotidiana, la concepci\u00f3n sobre la muerte, los rituales, las viviendas, los monumentos, etc. Adem\u00e1s, ofrece 40 fichas de los yacimientos m\u00e1s representativos  con la descripci\u00f3n de cada yacimiento: cartograf\u00eda, planimetr\u00eda, accesibilidad en coche, horarios, fotograf\u00edas, duraci\u00f3n de la visita y la explicaci\u00f3n del recorrido por el yacimiento como si un arque\u00f3logo acompa\u00f1ase al visitante. Una gu\u00eda \u00fanica para viajar 4.000 a\u00f1os atr\u00e1s y conocer, valorar y ayudar a conservar el patrimonio heredado.<\/p>\n","protected":false},"featured_media":15446,"comment_status":"closed","ping_status":"closed","template":"","meta":{"_acf_changed":false,"_monsterinsights_skip_tracking":false,"_monsterinsights_sitenote_active":false,"_monsterinsights_sitenote_note":"","_monsterinsights_sitenote_category":0},"product_brand":[],"product_cat":[1537,1573],"product_tag":[292,295,1008,293],"class_list":{"0":"post-27831","1":"product","2":"type-product","3":"status-publish","4":"has-post-thumbnail","6":"product_cat-arte-y-arquitectura-es","7":"product_cat-menorca-es","8":"product_tag-catalan","9":"product_tag-espanol","10":"product_tag-frances-es","11":"product_tag-ingles","12":"pa_idioma-catalan","13":"pa_idioma-english-es","14":"pa_idioma-espanol-es-2","15":"pa_idioma-francais-es","17":"first","18":"instock","19":"taxable","20":"shipping-taxable","21":"purchasable","22":"product-type-variable","23":"has-default-attributes"},"acf":[],"_links":{"self":[{"href":"https:\/\/triangle.cat\/es\/wp-json\/wp\/v2\/product\/27831","targetHints":{"allow":["GET"]}}],"collection":[{"href":"https:\/\/triangle.cat\/es\/wp-json\/wp\/v2\/product"}],"about":[{"href":"https:\/\/triangle.cat\/es\/wp-json\/wp\/v2\/types\/product"}],"replies":[{"embeddable":true,"href":"https:\/\/triangle.cat\/es\/wp-json\/wp\/v2\/comments?post=27831"}],"wp:featuredmedia":[{"embeddable":true,"href":"https:\/\/triangle.cat\/es\/wp-json\/wp\/v2\/media\/15446"}],"wp:attachment":[{"href":"https:\/\/triangle.cat\/es\/wp-json\/wp\/v2\/media?parent=27831"}],"wp:term":[{"taxonomy":"product_brand","embeddable":true,"href":"https:\/\/triangle.cat\/es\/wp-json\/wp\/v2\/product_brand?post=27831"},{"taxonomy":"product_cat","embeddable":true,"href":"https:\/\/triangle.cat\/es\/wp-json\/wp\/v2\/product_cat?post=27831"},{"taxonomy":"product_tag","embeddable":true,"href":"https:\/\/triangle.cat\/es\/wp-json\/wp\/v2\/product_tag?post=27831"}],"curies":[{"name":"wp","href":"https:\/\/api.w.org\/{rel}","templated":true}]}}