
{"id":27813,"date":"2023-02-13T20:20:09","date_gmt":"2023-02-13T22:04:50","guid":{"rendered":"https:\/\/www.triangleeditorial.com\/producto\/menorca-3\/"},"modified":"2023-02-13T22:05:36","modified_gmt":"2023-02-13T22:05:36","slug":"menorca-3","status":"publish","type":"product","link":"https:\/\/triangle.cat\/es\/producto\/menorca-3\/","title":{"rendered":"Menorca"},"content":{"rendered":"","protected":false},"excerpt":{"rendered":"<p>Menorca es una isla imprescindible. Toda ella. Sin excepciones. Playas y calas, pueblos, rutas por la naturaleza, yacimientos arqueol\u00f3gicos, patrimonio arquitect\u00f3nico&#8230; Toda la isla es de visita obligada. La misma consideraci\u00f3n merecen su cultura y tradiciones, con las fiestas y la gastronom\u00eda como principales exponentes. Esta gu\u00eda es, pues, la respuesta a un reto de calado: mostrar todo lo que no te puedes perder de Menorca, una de las pocas islas del Mediterr\u00e1neo a\u00fan paradis\u00edacas.<\/p>\n","protected":false},"featured_media":15419,"comment_status":"closed","ping_status":"closed","template":"","meta":{"_acf_changed":false,"_monsterinsights_skip_tracking":false,"_monsterinsights_sitenote_active":false,"_monsterinsights_sitenote_note":"","_monsterinsights_sitenote_category":0},"product_brand":[],"product_cat":[1573],"product_tag":[991,292,295,1008,293,319],"class_list":{"0":"post-27813","1":"product","2":"type-product","3":"status-publish","4":"has-post-thumbnail","6":"product_cat-menorca-es","7":"product_tag-aleman-es","8":"product_tag-catalan","9":"product_tag-espanol","10":"product_tag-frances-es","11":"product_tag-ingles","12":"product_tag-italiano","13":"pa_idioma-catalan","14":"pa_idioma-deutsch-es","15":"pa_idioma-english-es","16":"pa_idioma-espanol-es-2","17":"pa_idioma-francais-es","18":"pa_idioma-italiano-es","20":"first","21":"instock","22":"taxable","23":"shipping-taxable","24":"purchasable","25":"product-type-variable","26":"has-default-attributes"},"acf":[],"_links":{"self":[{"href":"https:\/\/triangle.cat\/es\/wp-json\/wp\/v2\/product\/27813","targetHints":{"allow":["GET"]}}],"collection":[{"href":"https:\/\/triangle.cat\/es\/wp-json\/wp\/v2\/product"}],"about":[{"href":"https:\/\/triangle.cat\/es\/wp-json\/wp\/v2\/types\/product"}],"replies":[{"embeddable":true,"href":"https:\/\/triangle.cat\/es\/wp-json\/wp\/v2\/comments?post=27813"}],"wp:featuredmedia":[{"embeddable":true,"href":"https:\/\/triangle.cat\/es\/wp-json\/wp\/v2\/media\/15419"}],"wp:attachment":[{"href":"https:\/\/triangle.cat\/es\/wp-json\/wp\/v2\/media?parent=27813"}],"wp:term":[{"taxonomy":"product_brand","embeddable":true,"href":"https:\/\/triangle.cat\/es\/wp-json\/wp\/v2\/product_brand?post=27813"},{"taxonomy":"product_cat","embeddable":true,"href":"https:\/\/triangle.cat\/es\/wp-json\/wp\/v2\/product_cat?post=27813"},{"taxonomy":"product_tag","embeddable":true,"href":"https:\/\/triangle.cat\/es\/wp-json\/wp\/v2\/product_tag?post=27813"}],"curies":[{"name":"wp","href":"https:\/\/api.w.org\/{rel}","templated":true}]}}