
{"id":27811,"date":"2023-02-13T20:18:05","date_gmt":"2023-02-13T22:02:40","guid":{"rendered":"https:\/\/www.triangleeditorial.com\/producto\/mapa-de-menorca-para-colorear\/"},"modified":"2025-07-27T20:20:03","modified_gmt":"2025-07-27T18:20:03","slug":"mapa-de-menorca-para-colorear","status":"publish","type":"product","link":"https:\/\/triangle.cat\/es\/producto\/mapa-de-menorca-para-colorear\/","title":{"rendered":"Mapa de Menorca para colorear"},"content":{"rendered":"","protected":false},"excerpt":{"rendered":"<p>\u00a1Ahora, Menorca se pinta!Ampliamos la familia, se llaman Salmonete Design y con ellas te presentamos una nueva manera para que los ni\u00f1os (y no tan ni\u00f1os) disfruten del verano: un mapa gigante de Menorca para pin- tar y repintar, solos o en compa\u00f1\u00eda.El \u00fanico mapa en el que tienes que perderte por el Cam\u00ed de Cavalls; encontrar los 7 faros de la isla; ir hasta la prehistoria y descubrir talayots, navetas y taulas; curiosear por Ma\u00f3, Ciutadella o las fiestas de San Juan; y contemplar el mar, las tortugas, las playas, los caballos&#8230;\u00a1Diversi\u00f3n asegurada! + Informaci\u00f3n: www.salmonetedesign.com<\/p>\n","protected":false},"featured_media":27162,"comment_status":"closed","ping_status":"closed","template":"","meta":{"_acf_changed":false,"_monsterinsights_skip_tracking":false,"_monsterinsights_sitenote_active":false,"_monsterinsights_sitenote_note":"","_monsterinsights_sitenote_category":0},"product_brand":[],"product_cat":[1564,1913],"product_tag":[296,973],"class_list":{"0":"post-27811","1":"product","2":"type-product","3":"status-publish","4":"has-post-thumbnail","6":"product_cat-infantil-es","7":"product_cat-llibres-infantils-es","8":"product_tag-aleman","9":"product_tag-catalan-espanol-ingles-frances","10":"pa_idioma-multilingue-catala-espanol-english-francais-deutsch-italiano-es","12":"first","13":"instock","14":"taxable","15":"shipping-taxable","16":"purchasable","17":"product-type-variable"},"acf":[],"_links":{"self":[{"href":"https:\/\/triangle.cat\/es\/wp-json\/wp\/v2\/product\/27811","targetHints":{"allow":["GET"]}}],"collection":[{"href":"https:\/\/triangle.cat\/es\/wp-json\/wp\/v2\/product"}],"about":[{"href":"https:\/\/triangle.cat\/es\/wp-json\/wp\/v2\/types\/product"}],"replies":[{"embeddable":true,"href":"https:\/\/triangle.cat\/es\/wp-json\/wp\/v2\/comments?post=27811"}],"wp:featuredmedia":[{"embeddable":true,"href":"https:\/\/triangle.cat\/es\/wp-json\/wp\/v2\/media\/27162"}],"wp:attachment":[{"href":"https:\/\/triangle.cat\/es\/wp-json\/wp\/v2\/media?parent=27811"}],"wp:term":[{"taxonomy":"product_brand","embeddable":true,"href":"https:\/\/triangle.cat\/es\/wp-json\/wp\/v2\/product_brand?post=27811"},{"taxonomy":"product_cat","embeddable":true,"href":"https:\/\/triangle.cat\/es\/wp-json\/wp\/v2\/product_cat?post=27811"},{"taxonomy":"product_tag","embeddable":true,"href":"https:\/\/triangle.cat\/es\/wp-json\/wp\/v2\/product_tag?post=27811"}],"curies":[{"name":"wp","href":"https:\/\/api.w.org\/{rel}","templated":true}]}}