
{"id":27809,"date":"2023-02-13T20:15:50","date_gmt":"2023-02-13T22:00:24","guid":{"rendered":"https:\/\/www.triangleeditorial.com\/producto\/mapa-de-mallorca-para-colorear\/"},"modified":"2024-06-20T21:07:31","modified_gmt":"2024-06-20T19:07:31","slug":"mapa-de-mallorca-para-colorear","status":"publish","type":"product","link":"https:\/\/triangle.cat\/es\/producto\/mapa-de-mallorca-para-colorear\/","title":{"rendered":"Mapa de Mallorca para colorear"},"content":{"rendered":"","protected":false},"excerpt":{"rendered":"<p>\u00a1Mallorca para pintarla y disfrutarla en gran formato!Los ni\u00f1os (y no tan ni\u00f1os), solos o acompa\u00f1ados, podr\u00e1n perderse por la isla y encaramarse a la Sierra de Tramontana; adentrarse en las cuevas del Drach o de Campanet; visitar la Catedral de Palma, el castillo de Bellver, el faro de Formentor o los pueblos de Vallde- mossa y Dei\u00e0; viajar en el tren de S\u00f3ller; ba\u00f1arse en las mil y una playas de Mallorca; y disfrutar de los parques naturales.\u00a1Diversi\u00f3n asegurada todo el verano! + Informaci\u00f3n: www.salmonetedesign.com<\/p>\n","protected":false},"featured_media":8008,"comment_status":"closed","ping_status":"closed","template":"","meta":{"_acf_changed":false,"_monsterinsights_skip_tracking":false,"_monsterinsights_sitenote_active":false,"_monsterinsights_sitenote_note":"","_monsterinsights_sitenote_category":0},"product_brand":[],"product_cat":[1564,1913,1515],"product_tag":[292,295,293],"class_list":{"0":"post-27809","1":"product","2":"type-product","3":"status-publish","4":"has-post-thumbnail","6":"product_cat-infantil-es","7":"product_cat-llibres-infantils-es","8":"product_cat-mapas","9":"product_tag-catalan","10":"product_tag-espanol","11":"product_tag-ingles","12":"pa_idioma-multilingue-catala-espanol-english-es","14":"first","15":"instock","16":"taxable","17":"shipping-taxable","18":"purchasable","19":"product-type-variable","20":"has-default-attributes"},"acf":[],"_links":{"self":[{"href":"https:\/\/triangle.cat\/es\/wp-json\/wp\/v2\/product\/27809","targetHints":{"allow":["GET"]}}],"collection":[{"href":"https:\/\/triangle.cat\/es\/wp-json\/wp\/v2\/product"}],"about":[{"href":"https:\/\/triangle.cat\/es\/wp-json\/wp\/v2\/types\/product"}],"replies":[{"embeddable":true,"href":"https:\/\/triangle.cat\/es\/wp-json\/wp\/v2\/comments?post=27809"}],"wp:featuredmedia":[{"embeddable":true,"href":"https:\/\/triangle.cat\/es\/wp-json\/wp\/v2\/media\/8008"}],"wp:attachment":[{"href":"https:\/\/triangle.cat\/es\/wp-json\/wp\/v2\/media?parent=27809"}],"wp:term":[{"taxonomy":"product_brand","embeddable":true,"href":"https:\/\/triangle.cat\/es\/wp-json\/wp\/v2\/product_brand?post=27809"},{"taxonomy":"product_cat","embeddable":true,"href":"https:\/\/triangle.cat\/es\/wp-json\/wp\/v2\/product_cat?post=27809"},{"taxonomy":"product_tag","embeddable":true,"href":"https:\/\/triangle.cat\/es\/wp-json\/wp\/v2\/product_tag?post=27809"}],"curies":[{"name":"wp","href":"https:\/\/api.w.org\/{rel}","templated":true}]}}