
{"id":27807,"date":"2023-02-13T20:13:29","date_gmt":"2023-02-13T21:58:01","guid":{"rendered":"https:\/\/www.triangleeditorial.com\/producto\/mapa-de-cataluna-para-colorear\/"},"modified":"2023-07-28T09:10:29","modified_gmt":"2023-07-28T09:10:29","slug":"mapa-de-cataluna-para-colorear","status":"publish","type":"product","link":"https:\/\/triangle.cat\/es\/producto\/mapa-de-cataluna-para-colorear\/","title":{"rendered":"Mapa de Catalu\u00f1a para colorear"},"content":{"rendered":"","protected":false},"excerpt":{"rendered":"<p>\u00a1Un mapa gigante para colorear y conocer toda Catalu\u00f1a!Con este mapa los ni\u00f1os podr\u00e1n recorrer toda Catalu\u00f1a, descubriendo sus cuatro provincias con sus riquezas gastron\u00f3micas, geogr\u00e1ficas y culturales. Podr\u00e1n subirse a las cimas de los Pirineos, andar por sus parques naturales, bucear en sus aguas mediterr\u00e1neas, conocer la historia de esta viva comunidad a trav\u00e9s de sus monumentos, tradiciones, manjares, artistas e inventores.\u00a1Un mapa de tama\u00f1o p\u00f3ster (100\u00d770 cm) perfecto para enmarcar, para regarlar y disfrutar en familia!<\/p>\n","protected":false},"featured_media":30105,"comment_status":"closed","ping_status":"closed","template":"","meta":{"_acf_changed":false,"_monsterinsights_skip_tracking":false,"_monsterinsights_sitenote_active":false,"_monsterinsights_sitenote_note":"","_monsterinsights_sitenote_category":0},"product_brand":[],"product_cat":[1503,1564,1913],"product_tag":[296,973],"class_list":{"0":"post-27807","1":"product","2":"type-product","3":"status-publish","4":"has-post-thumbnail","6":"product_cat-cataluna","7":"product_cat-infantil-es","8":"product_cat-llibres-infantils-es","9":"product_tag-aleman","10":"product_tag-catalan-espanol-ingles-frances","11":"pa_idioma-multilingue-catala-espanol-english-francais-deutsch-italiano-es","13":"first","14":"instock","15":"taxable","16":"shipping-taxable","17":"purchasable","18":"product-type-variable","19":"has-default-attributes"},"acf":[],"_links":{"self":[{"href":"https:\/\/triangle.cat\/es\/wp-json\/wp\/v2\/product\/27807","targetHints":{"allow":["GET"]}}],"collection":[{"href":"https:\/\/triangle.cat\/es\/wp-json\/wp\/v2\/product"}],"about":[{"href":"https:\/\/triangle.cat\/es\/wp-json\/wp\/v2\/types\/product"}],"replies":[{"embeddable":true,"href":"https:\/\/triangle.cat\/es\/wp-json\/wp\/v2\/comments?post=27807"}],"wp:featuredmedia":[{"embeddable":true,"href":"https:\/\/triangle.cat\/es\/wp-json\/wp\/v2\/media\/30105"}],"wp:attachment":[{"href":"https:\/\/triangle.cat\/es\/wp-json\/wp\/v2\/media?parent=27807"}],"wp:term":[{"taxonomy":"product_brand","embeddable":true,"href":"https:\/\/triangle.cat\/es\/wp-json\/wp\/v2\/product_brand?post=27807"},{"taxonomy":"product_cat","embeddable":true,"href":"https:\/\/triangle.cat\/es\/wp-json\/wp\/v2\/product_cat?post=27807"},{"taxonomy":"product_tag","embeddable":true,"href":"https:\/\/triangle.cat\/es\/wp-json\/wp\/v2\/product_tag?post=27807"}],"curies":[{"name":"wp","href":"https:\/\/api.w.org\/{rel}","templated":true}]}}