
{"id":27805,"date":"2023-02-13T20:11:09","date_gmt":"2023-02-13T20:11:09","guid":{"rendered":"https:\/\/www.triangleeditorial.com\/producto\/mapa-de-barcelona-mpara-colorear\/"},"modified":"2026-03-17T11:20:08","modified_gmt":"2026-03-17T09:20:08","slug":"mapa-de-barcelona-mpara-colorear","status":"publish","type":"product","link":"https:\/\/triangle.cat\/es\/producto\/mapa-de-barcelona-mpara-colorear\/","title":{"rendered":"Mapa de Barcelona para colorear"},"content":{"rendered":"","protected":false},"excerpt":{"rendered":"<p>\u00a1Colorea la ciudad de Gaud\u00ed y del Bar\u00e7a!Un mapa de gran formato para que los nu\u00f1os (y no tan ni\u00f1os), solos o acompa\u00f1ados, puedan ba\u00f1arse en las playas de la ciudad; visitar los mejores edificios de Gaud\u00ed: la Sagrada Familia, la Casa Batll\u00f3 o la Pedrera; subir a las atracciones del Tibidabo; ir al campo del Bar\u00e7a; ver los animales del Zoo; perderse por las calles de la ciudad antigua: el barrio G\u00f3tico, el Raval y la Barceloneta; y fotografiar la Fuente M\u00e1gica de Montju\u00efc. \u00a1Para disfrutar durante el viaje y recordarlo despu\u00e9s!<\/p>\n","protected":false},"featured_media":30119,"comment_status":"closed","ping_status":"closed","template":"","meta":{"_acf_changed":false,"_monsterinsights_skip_tracking":false,"_monsterinsights_sitenote_active":false,"_monsterinsights_sitenote_note":"","_monsterinsights_sitenote_category":0},"product_brand":[],"product_cat":[1564,1913],"product_tag":[],"class_list":{"0":"post-27805","1":"product","2":"type-product","3":"status-publish","4":"has-post-thumbnail","6":"product_cat-infantil-es","7":"product_cat-llibres-infantils-es","8":"pa_idioma-multilingue-catala-espanol-english-francais-deutsch-italiano-es","10":"first","11":"instock","12":"taxable","13":"shipping-taxable","14":"purchasable","15":"product-type-variable","16":"has-default-attributes"},"acf":[],"_links":{"self":[{"href":"https:\/\/triangle.cat\/es\/wp-json\/wp\/v2\/product\/27805","targetHints":{"allow":["GET"]}}],"collection":[{"href":"https:\/\/triangle.cat\/es\/wp-json\/wp\/v2\/product"}],"about":[{"href":"https:\/\/triangle.cat\/es\/wp-json\/wp\/v2\/types\/product"}],"replies":[{"embeddable":true,"href":"https:\/\/triangle.cat\/es\/wp-json\/wp\/v2\/comments?post=27805"}],"wp:featuredmedia":[{"embeddable":true,"href":"https:\/\/triangle.cat\/es\/wp-json\/wp\/v2\/media\/30119"}],"wp:attachment":[{"href":"https:\/\/triangle.cat\/es\/wp-json\/wp\/v2\/media?parent=27805"}],"wp:term":[{"taxonomy":"product_brand","embeddable":true,"href":"https:\/\/triangle.cat\/es\/wp-json\/wp\/v2\/product_brand?post=27805"},{"taxonomy":"product_cat","embeddable":true,"href":"https:\/\/triangle.cat\/es\/wp-json\/wp\/v2\/product_cat?post=27805"},{"taxonomy":"product_tag","embeddable":true,"href":"https:\/\/triangle.cat\/es\/wp-json\/wp\/v2\/product_tag?post=27805"}],"curies":[{"name":"wp","href":"https:\/\/api.w.org\/{rel}","templated":true}]}}