
{"id":27803,"date":"2023-02-13T20:10:58","date_gmt":"2023-02-13T21:55:22","guid":{"rendered":"https:\/\/www.triangleeditorial.com\/producto\/mallorca-migjorn\/"},"modified":"2025-12-29T22:40:39","modified_gmt":"2025-12-29T20:40:39","slug":"mallorca-migjorn","status":"publish","type":"product","link":"https:\/\/triangle.cat\/es\/producto\/mallorca-migjorn\/","title":{"rendered":"Mallorca Migjorn"},"content":{"rendered":"","protected":false},"excerpt":{"rendered":"<p>El Sur de Mallorca, el \u201cMigjorn\u201d en catal\u00e1n de la isla, ha sido escenario de los principales per\u00edodos de la larga historia de Mallorca. Talaiots prehist\u00f3ricos, salinas explotadas ya en tiempos de los cartagineses, pozos, aljibes, o acequias de origen \u00e1rabe, torres de defensa medievales, castillos, faros, puertos de pescadores, acantilados vertiginosos, largas playas, calitas rec\u00f3nditas, parques naturales, canteras de mar\u00e8s, caser\u00edos imponentes, r\u00fastica arquitectura popular&#8230; Todo y m\u00e1s en una selecci\u00f3n de fotograf\u00edas extraordinarias de un paisaje inolvidable<\/p>\n","protected":false},"featured_media":16465,"comment_status":"closed","ping_status":"closed","template":"","meta":{"_acf_changed":false,"_monsterinsights_skip_tracking":false,"_monsterinsights_sitenote_active":false,"_monsterinsights_sitenote_note":"","_monsterinsights_sitenote_category":0},"product_brand":[],"product_cat":[1553,1570],"product_tag":[991,295,1008,293],"class_list":{"0":"post-27803","1":"product","2":"type-product","3":"status-publish","4":"has-post-thumbnail","6":"product_cat-fotografia-y-diseno","7":"product_cat-mallorca-es","8":"product_tag-aleman-es","9":"product_tag-espanol","10":"product_tag-frances-es","11":"product_tag-ingles","12":"pa_idioma-multilingue-espanol-english-francais-deutsch-es","14":"first","15":"outofstock","16":"taxable","17":"shipping-taxable","18":"purchasable","19":"product-type-variable","20":"has-default-attributes"},"acf":[],"_links":{"self":[{"href":"https:\/\/triangle.cat\/es\/wp-json\/wp\/v2\/product\/27803","targetHints":{"allow":["GET"]}}],"collection":[{"href":"https:\/\/triangle.cat\/es\/wp-json\/wp\/v2\/product"}],"about":[{"href":"https:\/\/triangle.cat\/es\/wp-json\/wp\/v2\/types\/product"}],"replies":[{"embeddable":true,"href":"https:\/\/triangle.cat\/es\/wp-json\/wp\/v2\/comments?post=27803"}],"wp:featuredmedia":[{"embeddable":true,"href":"https:\/\/triangle.cat\/es\/wp-json\/wp\/v2\/media\/16465"}],"wp:attachment":[{"href":"https:\/\/triangle.cat\/es\/wp-json\/wp\/v2\/media?parent=27803"}],"wp:term":[{"taxonomy":"product_brand","embeddable":true,"href":"https:\/\/triangle.cat\/es\/wp-json\/wp\/v2\/product_brand?post=27803"},{"taxonomy":"product_cat","embeddable":true,"href":"https:\/\/triangle.cat\/es\/wp-json\/wp\/v2\/product_cat?post=27803"},{"taxonomy":"product_tag","embeddable":true,"href":"https:\/\/triangle.cat\/es\/wp-json\/wp\/v2\/product_tag?post=27803"}],"curies":[{"name":"wp","href":"https:\/\/api.w.org\/{rel}","templated":true}]}}