
{"id":27779,"date":"2023-02-13T20:04:42","date_gmt":"2023-02-13T21:48:37","guid":{"rendered":"https:\/\/www.triangleeditorial.com\/producto\/basilica-de-la-sagrada-familia\/"},"modified":"2023-07-28T09:10:05","modified_gmt":"2023-07-28T09:10:05","slug":"basilica-de-la-sagrada-familia","status":"publish","type":"product","link":"https:\/\/triangle.cat\/es\/producto\/basilica-de-la-sagrada-familia\/","title":{"rendered":"Bas\u00edlica de la Sagrada Familia"},"content":{"rendered":"","protected":false},"excerpt":{"rendered":"<p>En esta gu\u00eda te explicamos en detalle la iconograf\u00eda y simbolog\u00eda de cada una de las escenas que se encuentran en las dos fachadas principales de la Sagrada Familia, la Fachada del Nacimiento y la Fachada de la Pasi\u00f3n, que contienen multitud de detalles llenos de alegor\u00edas y misticismo.<\/p>\n","protected":false},"featured_media":27081,"comment_status":"closed","ping_status":"closed","template":"","meta":{"_acf_changed":false,"_monsterinsights_skip_tracking":false,"_monsterinsights_sitenote_active":false,"_monsterinsights_sitenote_note":"","_monsterinsights_sitenote_category":0},"product_brand":[],"product_cat":[1558,1501,1540,1515],"product_tag":[991,292,1092,979,295,1008,293,319,1089],"class_list":{"0":"post-27779","1":"product","2":"type-product","3":"status-publish","4":"has-post-thumbnail","6":"product_cat-antoni-gaudi-es","7":"product_cat-barcelona-es","8":"product_cat-barcelona-es-2","9":"product_cat-mapas","10":"product_tag-aleman-es","11":"product_tag-catalan","12":"product_tag-chino-es","13":"product_tag-coreano-es-2","14":"product_tag-espanol","15":"product_tag-frances-es","16":"product_tag-ingles","17":"product_tag-italiano","18":"product_tag-ruso-es","19":"pa_idioma-catalan","20":"pa_idioma-deutsch-es","21":"pa_idioma-english-es","22":"pa_idioma-espanol-es-2","23":"pa_idioma-italiano-es","24":"pa_idioma--es","27":"first","28":"instock","29":"taxable","30":"shipping-taxable","31":"purchasable","32":"product-type-variable","33":"has-default-attributes"},"acf":[],"_links":{"self":[{"href":"https:\/\/triangle.cat\/es\/wp-json\/wp\/v2\/product\/27779","targetHints":{"allow":["GET"]}}],"collection":[{"href":"https:\/\/triangle.cat\/es\/wp-json\/wp\/v2\/product"}],"about":[{"href":"https:\/\/triangle.cat\/es\/wp-json\/wp\/v2\/types\/product"}],"replies":[{"embeddable":true,"href":"https:\/\/triangle.cat\/es\/wp-json\/wp\/v2\/comments?post=27779"}],"wp:featuredmedia":[{"embeddable":true,"href":"https:\/\/triangle.cat\/es\/wp-json\/wp\/v2\/media\/27081"}],"wp:attachment":[{"href":"https:\/\/triangle.cat\/es\/wp-json\/wp\/v2\/media?parent=27779"}],"wp:term":[{"taxonomy":"product_brand","embeddable":true,"href":"https:\/\/triangle.cat\/es\/wp-json\/wp\/v2\/product_brand?post=27779"},{"taxonomy":"product_cat","embeddable":true,"href":"https:\/\/triangle.cat\/es\/wp-json\/wp\/v2\/product_cat?post=27779"},{"taxonomy":"product_tag","embeddable":true,"href":"https:\/\/triangle.cat\/es\/wp-json\/wp\/v2\/product_tag?post=27779"}],"curies":[{"name":"wp","href":"https:\/\/api.w.org\/{rel}","templated":true}]}}