
{"id":27774,"date":"2023-02-13T20:03:11","date_gmt":"2023-02-13T21:46:54","guid":{"rendered":"https:\/\/www.triangleeditorial.com\/producto\/mallorca-mapa-cicloturista\/"},"modified":"2023-07-28T09:10:05","modified_gmt":"2023-07-28T09:10:05","slug":"mallorca-mapa-cicloturista","status":"publish","type":"product","link":"https:\/\/triangle.cat\/es\/producto\/mallorca-mapa-cicloturista\/","title":{"rendered":"Mallorca, Mapa Cicloturista"},"content":{"rendered":"","protected":false},"excerpt":{"rendered":"<p>La particular orograf\u00eda de la isla, sus carreteras de trazados imposibles, sus paisajes deslumbrantes, la imponente Serra de Tramuntana, las amables planicies del sur, la costa siempre acogedora, la dedicaci\u00f3n entusiasta de los servicios tur\u00edsticos&#8230; esto y mucho m\u00e1s hacen de Mallorca un para\u00edso para los amantes de la bicicleta. En este mapa os presentamos 22 rutas, tanto de bicicleta de carretera como de btt. \u00a1Y para todos los niveles! As\u00ed podr\u00e9is disfrutar de \u00e9ste maravilloso enclave sin dejar de pedalear. \u00a1Feliz ruta!<\/p>\n","protected":false},"featured_media":30147,"comment_status":"closed","ping_status":"closed","template":"","meta":{"_acf_changed":false,"_monsterinsights_skip_tracking":false,"_monsterinsights_sitenote_active":false,"_monsterinsights_sitenote_note":"","_monsterinsights_sitenote_category":0},"product_brand":[],"product_cat":[1460],"product_tag":[],"class_list":{"0":"post-27774","1":"product","2":"type-product","3":"status-publish","4":"has-post-thumbnail","6":"product_cat-sin-categorizar-es","7":"pa_idioma-deutsch-es","8":"pa_idioma-english-es","9":"pa_idioma-espanol-es-2","10":"pa_idioma-francais-es","12":"first","13":"instock","14":"taxable","15":"shipping-taxable","16":"purchasable","17":"product-type-variable","18":"has-default-attributes"},"acf":[],"_links":{"self":[{"href":"https:\/\/triangle.cat\/es\/wp-json\/wp\/v2\/product\/27774","targetHints":{"allow":["GET"]}}],"collection":[{"href":"https:\/\/triangle.cat\/es\/wp-json\/wp\/v2\/product"}],"about":[{"href":"https:\/\/triangle.cat\/es\/wp-json\/wp\/v2\/types\/product"}],"replies":[{"embeddable":true,"href":"https:\/\/triangle.cat\/es\/wp-json\/wp\/v2\/comments?post=27774"}],"wp:featuredmedia":[{"embeddable":true,"href":"https:\/\/triangle.cat\/es\/wp-json\/wp\/v2\/media\/30147"}],"wp:attachment":[{"href":"https:\/\/triangle.cat\/es\/wp-json\/wp\/v2\/media?parent=27774"}],"wp:term":[{"taxonomy":"product_brand","embeddable":true,"href":"https:\/\/triangle.cat\/es\/wp-json\/wp\/v2\/product_brand?post=27774"},{"taxonomy":"product_cat","embeddable":true,"href":"https:\/\/triangle.cat\/es\/wp-json\/wp\/v2\/product_cat?post=27774"},{"taxonomy":"product_tag","embeddable":true,"href":"https:\/\/triangle.cat\/es\/wp-json\/wp\/v2\/product_tag?post=27774"}],"curies":[{"name":"wp","href":"https:\/\/api.w.org\/{rel}","templated":true}]}}