
{"id":27735,"date":"2023-02-13T19:56:38","date_gmt":"2023-02-13T21:39:38","guid":{"rendered":"https:\/\/www.triangleeditorial.com\/producto\/la-mola\/"},"modified":"2023-02-13T21:39:53","modified_gmt":"2023-02-13T21:39:53","slug":"la-mola","status":"publish","type":"product","link":"https:\/\/triangle.cat\/es\/producto\/la-mola\/","title":{"rendered":"La Mola"},"content":{"rendered":"","protected":false},"excerpt":{"rendered":"<p>En Menorca, la Fortaleza de Isabel II, construida entre 1850 y 1875, preside la bocana del puerto de Ma\u00f3. A trav\u00e9s de la Puerta de la Reina podr\u00e9is acceder a todos los secretos de la fortificaci\u00f3n militar. El castillo de la Mola es un complejo arquitect\u00f3nico prodigioso, reforzado con casamatas, fosos, puentes y edificios circulares. Una lecci\u00f3n de historia inolvidable que incluye la visita a un magn\u00edfico laberinto de galer\u00edas subterr\u00e1neas.<\/p>\n","protected":false},"featured_media":4797,"comment_status":"closed","ping_status":"open","template":"","meta":{"_acf_changed":false,"_monsterinsights_skip_tracking":false,"_monsterinsights_sitenote_active":false,"_monsterinsights_sitenote_note":"","_monsterinsights_sitenote_category":0},"product_brand":[],"product_cat":[1573],"product_tag":[292,295,293],"class_list":{"0":"post-27735","1":"product","2":"type-product","3":"status-publish","4":"has-post-thumbnail","6":"product_cat-menorca-es","7":"product_tag-catalan","8":"product_tag-espanol","9":"product_tag-ingles","10":"pa_idioma-multilingue-espanol-english-catala-es","12":"first","13":"instock","14":"taxable","15":"shipping-taxable","16":"purchasable","17":"product-type-variable","18":"has-default-attributes"},"acf":[],"_links":{"self":[{"href":"https:\/\/triangle.cat\/es\/wp-json\/wp\/v2\/product\/27735","targetHints":{"allow":["GET"]}}],"collection":[{"href":"https:\/\/triangle.cat\/es\/wp-json\/wp\/v2\/product"}],"about":[{"href":"https:\/\/triangle.cat\/es\/wp-json\/wp\/v2\/types\/product"}],"replies":[{"embeddable":true,"href":"https:\/\/triangle.cat\/es\/wp-json\/wp\/v2\/comments?post=27735"}],"wp:featuredmedia":[{"embeddable":true,"href":"https:\/\/triangle.cat\/es\/wp-json\/wp\/v2\/media\/4797"}],"wp:attachment":[{"href":"https:\/\/triangle.cat\/es\/wp-json\/wp\/v2\/media?parent=27735"}],"wp:term":[{"taxonomy":"product_brand","embeddable":true,"href":"https:\/\/triangle.cat\/es\/wp-json\/wp\/v2\/product_brand?post=27735"},{"taxonomy":"product_cat","embeddable":true,"href":"https:\/\/triangle.cat\/es\/wp-json\/wp\/v2\/product_cat?post=27735"},{"taxonomy":"product_tag","embeddable":true,"href":"https:\/\/triangle.cat\/es\/wp-json\/wp\/v2\/product_tag?post=27735"}],"curies":[{"name":"wp","href":"https:\/\/api.w.org\/{rel}","templated":true}]}}