
{"id":27730,"date":"2023-02-13T19:56:14","date_gmt":"2023-02-13T21:39:06","guid":{"rendered":"https:\/\/www.triangleeditorial.com\/producto\/casa-maso\/"},"modified":"2023-02-13T21:39:40","modified_gmt":"2023-02-13T21:39:40","slug":"casa-maso","status":"publish","type":"product","link":"https:\/\/triangle.cat\/es\/producto\/casa-maso\/","title":{"rendered":"Casa Mas\u00f3"},"content":{"rendered":"","protected":false},"excerpt":{"rendered":"<p>La Casa Mas\u00f3 es la casa natal de Rafael Mas\u00f3 (1880-1935), una de las obras m\u00e1s importantes de su arquitectura y la \u00fanica, de las ic\u00f3nicas casas sobre el r\u00edo de Girona, que est\u00e1 abierta al p\u00fablico. La casa se ha conservado con el mobiliario y la decoraci\u00f3n de la \u00e9poca novecentista, y tambi\u00e9n ofrece unas vistas in\u00e9ditas de la ciudad. El libro, adem\u00e1s de un recorrido por el interior de la casa, incluye art\u00edculos sobre la historia de los Mas\u00f3 y de las intervenciones del arquitecto en su casa.<\/p>\n","protected":false},"featured_media":7708,"comment_status":"closed","ping_status":"closed","template":"","meta":{"_acf_changed":false,"_monsterinsights_skip_tracking":false,"_monsterinsights_sitenote_active":false,"_monsterinsights_sitenote_note":"","_monsterinsights_sitenote_category":0},"product_brand":[],"product_cat":[1537,1561],"product_tag":[292,295,1008,293],"class_list":{"0":"post-27730","1":"product","2":"type-product","3":"status-publish","4":"has-post-thumbnail","6":"product_cat-arte-y-arquitectura-es","7":"product_cat-girona-costa-brava-es","8":"product_tag-catalan","9":"product_tag-espanol","10":"product_tag-frances-es","11":"product_tag-ingles","12":"pa_idioma-catalan","13":"pa_idioma-english-es","14":"pa_idioma-espanol-es-2","15":"pa_idioma-francais-es","17":"first","18":"instock","19":"taxable","20":"shipping-taxable","21":"purchasable","22":"product-type-variable","23":"has-default-attributes"},"acf":[],"_links":{"self":[{"href":"https:\/\/triangle.cat\/es\/wp-json\/wp\/v2\/product\/27730","targetHints":{"allow":["GET"]}}],"collection":[{"href":"https:\/\/triangle.cat\/es\/wp-json\/wp\/v2\/product"}],"about":[{"href":"https:\/\/triangle.cat\/es\/wp-json\/wp\/v2\/types\/product"}],"replies":[{"embeddable":true,"href":"https:\/\/triangle.cat\/es\/wp-json\/wp\/v2\/comments?post=27730"}],"wp:featuredmedia":[{"embeddable":true,"href":"https:\/\/triangle.cat\/es\/wp-json\/wp\/v2\/media\/7708"}],"wp:attachment":[{"href":"https:\/\/triangle.cat\/es\/wp-json\/wp\/v2\/media?parent=27730"}],"wp:term":[{"taxonomy":"product_brand","embeddable":true,"href":"https:\/\/triangle.cat\/es\/wp-json\/wp\/v2\/product_brand?post=27730"},{"taxonomy":"product_cat","embeddable":true,"href":"https:\/\/triangle.cat\/es\/wp-json\/wp\/v2\/product_cat?post=27730"},{"taxonomy":"product_tag","embeddable":true,"href":"https:\/\/triangle.cat\/es\/wp-json\/wp\/v2\/product_tag?post=27730"}],"curies":[{"name":"wp","href":"https:\/\/api.w.org\/{rel}","templated":true}]}}