
{"id":27722,"date":"2023-02-13T19:53:40","date_gmt":"2023-02-13T21:36:24","guid":{"rendered":"https:\/\/www.triangleeditorial.com\/producto\/cataluna-3\/"},"modified":"2023-02-13T21:39:08","modified_gmt":"2023-02-13T21:39:08","slug":"cataluna-3","status":"publish","type":"product","link":"https:\/\/triangle.cat\/es\/producto\/cataluna-3\/","title":{"rendered":"Catalu\u00f1a"},"content":{"rendered":"","protected":false},"excerpt":{"rendered":"<p>Catalu\u00f1a es una naci\u00f3n milenaria, que se ha enriquecido por el paso y las aportaciones de culturas muy diversas a lo largo de su historia. El libro propone un viaje por todas las comarcas catalanas, con el \u00e1nimo de trascender los lugares comunes y los t\u00f3picos habituales.<\/p>\n","protected":false},"featured_media":7690,"comment_status":"closed","ping_status":"open","template":"","meta":{"_acf_changed":false,"_monsterinsights_skip_tracking":false,"_monsterinsights_sitenote_active":false,"_monsterinsights_sitenote_note":"","_monsterinsights_sitenote_category":0},"product_brand":[],"product_cat":[1543,1553],"product_tag":[991,292,1092,295,1008,293,319],"class_list":{"0":"post-27722","1":"product","2":"type-product","3":"status-publish","4":"has-post-thumbnail","6":"product_cat-cataluna-es","7":"product_cat-fotografia-y-diseno","8":"product_tag-aleman-es","9":"product_tag-catalan","10":"product_tag-chino-es","11":"product_tag-espanol","12":"product_tag-frances-es","13":"product_tag-ingles","14":"product_tag-italiano","15":"pa_idioma-catalan","16":"pa_idioma-deutsch-es","17":"pa_idioma-english-es","18":"pa_idioma-espanol-es-2","19":"pa_idioma-francais-es","20":"pa_idioma-italiano-es","21":"pa_idioma--es","23":"first","24":"instock","25":"taxable","26":"shipping-taxable","27":"purchasable","28":"product-type-variable","29":"has-default-attributes"},"acf":[],"_links":{"self":[{"href":"https:\/\/triangle.cat\/es\/wp-json\/wp\/v2\/product\/27722","targetHints":{"allow":["GET"]}}],"collection":[{"href":"https:\/\/triangle.cat\/es\/wp-json\/wp\/v2\/product"}],"about":[{"href":"https:\/\/triangle.cat\/es\/wp-json\/wp\/v2\/types\/product"}],"replies":[{"embeddable":true,"href":"https:\/\/triangle.cat\/es\/wp-json\/wp\/v2\/comments?post=27722"}],"wp:featuredmedia":[{"embeddable":true,"href":"https:\/\/triangle.cat\/es\/wp-json\/wp\/v2\/media\/7690"}],"wp:attachment":[{"href":"https:\/\/triangle.cat\/es\/wp-json\/wp\/v2\/media?parent=27722"}],"wp:term":[{"taxonomy":"product_brand","embeddable":true,"href":"https:\/\/triangle.cat\/es\/wp-json\/wp\/v2\/product_brand?post=27722"},{"taxonomy":"product_cat","embeddable":true,"href":"https:\/\/triangle.cat\/es\/wp-json\/wp\/v2\/product_cat?post=27722"},{"taxonomy":"product_tag","embeddable":true,"href":"https:\/\/triangle.cat\/es\/wp-json\/wp\/v2\/product_tag?post=27722"}],"curies":[{"name":"wp","href":"https:\/\/api.w.org\/{rel}","templated":true}]}}