
{"id":27713,"date":"2023-02-13T19:52:54","date_gmt":"2023-02-13T21:35:13","guid":{"rendered":"https:\/\/www.triangleeditorial.com\/producto\/dali-5\/"},"modified":"2023-03-06T12:49:21","modified_gmt":"2023-03-06T12:49:21","slug":"dali-5","status":"publish","type":"product","link":"https:\/\/triangle.cat\/es\/producto\/dali-5\/","title":{"rendered":"Dal\u00ed"},"content":{"rendered":"","protected":false},"excerpt":{"rendered":"<p>\u201cEn las joyas, al igual que en toda mi actividad art\u00edstica, creo lo que m\u00e1s amo\u201d (Salvador Dal\u00ed).Entre 1941 y 1958 Dal\u00ed dise\u00f1a una colecci\u00f3n de joyas y sigue todo su proceso de elaboraci\u00f3n asociado con Ertman y Alemany, dos joyeros establecidos en Nueva York. Esta colecci\u00f3n, a la que se ir\u00e1n incorporando nuevas joyas a lo largo de los a\u00f1os, pasa por diversos propietarios hasta que en 1999 la Fundaci\u00f3n Gala-Salvador Dal\u00ed las adquiere y las expone en unas salas del Teatro-Museo Dal\u00ed de Figueres dise\u00f1adas espec\u00edficamente para ella.Ahora, Triangle Postals y la Fundaci\u00f3 Gala-Salvador Dal\u00ed presentan el libro Dal\u00ed Joyas, una cuidada y detallista edici\u00f3n que incluye textos del propio Dal\u00ed sobre sus joyas.<\/p>\n","protected":false},"featured_media":30217,"comment_status":"closed","ping_status":"open","template":"","meta":{"_acf_changed":false,"_monsterinsights_skip_tracking":false,"_monsterinsights_sitenote_active":false,"_monsterinsights_sitenote_note":"","_monsterinsights_sitenote_category":0},"product_brand":[],"product_cat":[1497,1537,1561,1549],"product_tag":[991,292,295,1008,293,1095,1089],"class_list":{"0":"post-27713","1":"product","2":"type-product","3":"status-publish","4":"has-post-thumbnail","6":"product_cat-arte-y-arquitectura","7":"product_cat-arte-y-arquitectura-es","8":"product_cat-girona-costa-brava-es","9":"product_cat-salvador-dali-es","10":"product_tag-aleman-es","11":"product_tag-catalan","12":"product_tag-espanol","13":"product_tag-frances-es","14":"product_tag-ingles","15":"product_tag-japones-es","16":"product_tag-ruso-es","17":"pa_idioma-catalan","18":"pa_idioma-deutsch-es","19":"pa_idioma-english-es","20":"pa_idioma-espanol-es-2","21":"pa_idioma-francais-es","22":"pa_idioma--es","25":"first","26":"instock","27":"taxable","28":"shipping-taxable","29":"purchasable","30":"product-type-variable","31":"has-default-attributes"},"acf":[],"_links":{"self":[{"href":"https:\/\/triangle.cat\/es\/wp-json\/wp\/v2\/product\/27713","targetHints":{"allow":["GET"]}}],"collection":[{"href":"https:\/\/triangle.cat\/es\/wp-json\/wp\/v2\/product"}],"about":[{"href":"https:\/\/triangle.cat\/es\/wp-json\/wp\/v2\/types\/product"}],"replies":[{"embeddable":true,"href":"https:\/\/triangle.cat\/es\/wp-json\/wp\/v2\/comments?post=27713"}],"wp:featuredmedia":[{"embeddable":true,"href":"https:\/\/triangle.cat\/es\/wp-json\/wp\/v2\/media\/30217"}],"wp:attachment":[{"href":"https:\/\/triangle.cat\/es\/wp-json\/wp\/v2\/media?parent=27713"}],"wp:term":[{"taxonomy":"product_brand","embeddable":true,"href":"https:\/\/triangle.cat\/es\/wp-json\/wp\/v2\/product_brand?post=27713"},{"taxonomy":"product_cat","embeddable":true,"href":"https:\/\/triangle.cat\/es\/wp-json\/wp\/v2\/product_cat?post=27713"},{"taxonomy":"product_tag","embeddable":true,"href":"https:\/\/triangle.cat\/es\/wp-json\/wp\/v2\/product_tag?post=27713"}],"curies":[{"name":"wp","href":"https:\/\/api.w.org\/{rel}","templated":true}]}}