
{"id":27711,"date":"2023-02-13T19:52:44","date_gmt":"2023-02-13T21:34:59","guid":{"rendered":"https:\/\/www.triangleeditorial.com\/producto\/illes-balears\/"},"modified":"2023-02-13T21:35:15","modified_gmt":"2023-02-13T21:35:15","slug":"illes-balears","status":"publish","type":"product","link":"https:\/\/triangle.cat\/es\/producto\/illes-balears\/","title":{"rendered":"Illes Balears"},"content":{"rendered":"","protected":false},"excerpt":{"rendered":"<p>S\u00f3lo unos isle\u00f1os con el mal de Ses Illes podr\u00edan haber hecho realidad un libro como \u00e9ste. El fot\u00f3grafo Sebasti\u00e0 Torrens (Inca, 1964) y los escritores Miquel Ray\u00f3 (Palma, 1952), Pon\u00e7 Pons (Alaior, 1956), Jean Serra (El Biar, Argelia, 1952; hijo de padres exiliados ibizencos) y Antoni Vidal Ferrando (Santany\u00ed, 1945) han conjurado los cuatro elementos que seg\u00fan los antiguos configuran el mundo: aire, tierra, agua y fuego\/luz, para a trav\u00e9s de ellos mostrarnos la naturaleza y el paisaje de las islas Baleares. Las extraodinarias fotograf\u00edas de la fauna, la flora y el paisaje de Mallorca, Menorca, Ibiza, Formentera y Cabrera de Sebasti\u00e0 Torrens, a veces delicadas, a veces de un dramatismo impactante, son un manifiesto apasionado a favor de conservar una belleza que s\u00f3lo la estupidez del hombre puede hacer desaparecer. Y Ray\u00f3, Pons, Serra y Vidal Ferrando, en unos textos po\u00e9ticos fruto de su radical condici\u00f3n de isle\u00f1os, nos hacen c\u00f3mplices de su amor profundo e incondicional por las Baleares.<\/p>\n","protected":false},"featured_media":16810,"comment_status":"closed","ping_status":"closed","template":"","meta":{"_acf_changed":false,"_monsterinsights_skip_tracking":false,"_monsterinsights_sitenote_active":false,"_monsterinsights_sitenote_note":"","_monsterinsights_sitenote_category":0},"product_brand":[],"product_cat":[1553,1552,1570,1573],"product_tag":[991,292,295,293],"class_list":{"0":"post-27711","1":"product","2":"type-product","3":"status-publish","4":"has-post-thumbnail","6":"product_cat-fotografia-y-diseno","7":"product_cat-ibiza-formentera-es","8":"product_cat-mallorca-es","9":"product_cat-menorca-es","10":"product_tag-aleman-es","11":"product_tag-catalan","12":"product_tag-espanol","13":"product_tag-ingles","14":"pa_idioma-multilingue-catala-espanol-english-deutsch-es","16":"first","17":"instock","18":"taxable","19":"shipping-taxable","20":"purchasable","21":"product-type-variable","22":"has-default-attributes"},"acf":[],"_links":{"self":[{"href":"https:\/\/triangle.cat\/es\/wp-json\/wp\/v2\/product\/27711","targetHints":{"allow":["GET"]}}],"collection":[{"href":"https:\/\/triangle.cat\/es\/wp-json\/wp\/v2\/product"}],"about":[{"href":"https:\/\/triangle.cat\/es\/wp-json\/wp\/v2\/types\/product"}],"replies":[{"embeddable":true,"href":"https:\/\/triangle.cat\/es\/wp-json\/wp\/v2\/comments?post=27711"}],"wp:featuredmedia":[{"embeddable":true,"href":"https:\/\/triangle.cat\/es\/wp-json\/wp\/v2\/media\/16810"}],"wp:attachment":[{"href":"https:\/\/triangle.cat\/es\/wp-json\/wp\/v2\/media?parent=27711"}],"wp:term":[{"taxonomy":"product_brand","embeddable":true,"href":"https:\/\/triangle.cat\/es\/wp-json\/wp\/v2\/product_brand?post=27711"},{"taxonomy":"product_cat","embeddable":true,"href":"https:\/\/triangle.cat\/es\/wp-json\/wp\/v2\/product_cat?post=27711"},{"taxonomy":"product_tag","embeddable":true,"href":"https:\/\/triangle.cat\/es\/wp-json\/wp\/v2\/product_tag?post=27711"}],"curies":[{"name":"wp","href":"https:\/\/api.w.org\/{rel}","templated":true}]}}