
{"id":27709,"date":"2023-02-13T21:32:16","date_gmt":"2023-02-13T21:32:16","guid":{"rendered":"https:\/\/www.triangleeditorial.com\/producto\/gaudi-i-el-trencadis-modernista\/"},"modified":"2025-06-26T12:50:17","modified_gmt":"2025-06-26T10:50:17","slug":"gaudi-i-el-trencadis-modernista","status":"publish","type":"product","link":"https:\/\/triangle.cat\/es\/producto\/gaudi-i-el-trencadis-modernista\/","title":{"rendered":"Gaud\u00ed y el trencad\u00eds modernista"},"content":{"rendered":"","protected":false},"excerpt":{"rendered":"<p>El trencad\u00eds cer\u00e1mico es el icono m\u00e1s representativo del Modernismo y de la arquitectura de Antoni Gaud\u00ed. Sin su aplicaci\u00f3n no podr\u00edamos reconocer el banco del Park G\u00fcell o la fachada de la Casa Batll\u00f3, por ejemplo. En este libro se hace un recorrido, paso a paso, obra a obra, por el uso que Gaud\u00ed hizo de la t\u00e9cnica del trencad\u00eds, sin olvidar el contexto hist\u00f3rico y cultural del arquitecto; las diferentes t\u00e9cnicas del hermano mayor del trencad\u00eds: el mosaico cl\u00e1sico y del mundo \u00e1rabe; y los diferentes materiales con los que Gaud\u00ed realiz\u00f3 el trencad\u00eds as\u00ed como su funcionalidad.<\/p>\n","protected":false},"featured_media":30800,"comment_status":"closed","ping_status":"closed","template":"","meta":{"_acf_changed":false,"_monsterinsights_skip_tracking":false,"_monsterinsights_sitenote_active":false,"_monsterinsights_sitenote_note":"","_monsterinsights_sitenote_category":0},"product_brand":[],"product_cat":[1558,1927,1537],"product_tag":[],"class_list":{"0":"post-27709","1":"product","2":"type-product","3":"status-publish","4":"has-post-thumbnail","6":"product_cat-antoni-gaudi-es","7":"product_cat-art-i-arquitectura-libros","8":"product_cat-arte-y-arquitectura-es","9":"pa_idioma-catalan","10":"pa_idioma-espanol-es-2","11":"pa_idioma-ingles","13":"first","14":"instock","15":"taxable","16":"shipping-taxable","17":"purchasable","18":"product-type-variable"},"acf":[],"_links":{"self":[{"href":"https:\/\/triangle.cat\/es\/wp-json\/wp\/v2\/product\/27709","targetHints":{"allow":["GET"]}}],"collection":[{"href":"https:\/\/triangle.cat\/es\/wp-json\/wp\/v2\/product"}],"about":[{"href":"https:\/\/triangle.cat\/es\/wp-json\/wp\/v2\/types\/product"}],"replies":[{"embeddable":true,"href":"https:\/\/triangle.cat\/es\/wp-json\/wp\/v2\/comments?post=27709"}],"wp:featuredmedia":[{"embeddable":true,"href":"https:\/\/triangle.cat\/es\/wp-json\/wp\/v2\/media\/30800"}],"wp:attachment":[{"href":"https:\/\/triangle.cat\/es\/wp-json\/wp\/v2\/media?parent=27709"}],"wp:term":[{"taxonomy":"product_brand","embeddable":true,"href":"https:\/\/triangle.cat\/es\/wp-json\/wp\/v2\/product_brand?post=27709"},{"taxonomy":"product_cat","embeddable":true,"href":"https:\/\/triangle.cat\/es\/wp-json\/wp\/v2\/product_cat?post=27709"},{"taxonomy":"product_tag","embeddable":true,"href":"https:\/\/triangle.cat\/es\/wp-json\/wp\/v2\/product_tag?post=27709"}],"curies":[{"name":"wp","href":"https:\/\/api.w.org\/{rel}","templated":true}]}}