
{"id":27700,"date":"2023-02-13T19:47:41","date_gmt":"2023-02-13T21:29:32","guid":{"rendered":"https:\/\/www.triangleeditorial.com\/producto\/guia-catedral-de-tarragona\/"},"modified":"2023-02-13T21:30:08","modified_gmt":"2023-02-13T21:30:08","slug":"guia-catedral-de-tarragona","status":"publish","type":"product","link":"https:\/\/triangle.cat\/es\/producto\/guia-catedral-de-tarragona\/","title":{"rendered":"Gu\u00eda Catedral de Tarragona"},"content":{"rendered":"","protected":false},"excerpt":{"rendered":"<p>La Catedral Metropolitana y Primada de Tarragona, puede clasificarse estil\u00edsticamente como protog\u00f3tica y vinculada en sus inicios con el rom\u00e1nico. Su solidez arquitect\u00f3nica, colosal traza, severa elegancia y riqueza ornamental ensalzan este emblem\u00e1tico espacio de culto en el que los diversos estilos y singulares obras art\u00edsticas reflejan su excelencia. Por su grandiosidad y armon\u00eda estructural es considerada como la principal catedral g\u00f3tica de Catalu\u00f1a.<\/p>\n","protected":false},"featured_media":21383,"comment_status":"closed","ping_status":"open","template":"","meta":{"_acf_changed":false,"_monsterinsights_skip_tracking":false,"_monsterinsights_sitenote_active":false,"_monsterinsights_sitenote_note":"","_monsterinsights_sitenote_category":0},"product_brand":[],"product_cat":[1497,1537,1543,1506],"product_tag":[991,292,295,1008,293],"class_list":{"0":"post-27700","1":"product","2":"type-product","3":"status-publish","4":"has-post-thumbnail","6":"product_cat-arte-y-arquitectura","7":"product_cat-arte-y-arquitectura-es","8":"product_cat-cataluna-es","9":"product_cat-coleccion-patrimonium","10":"product_tag-aleman-es","11":"product_tag-catalan","12":"product_tag-espanol","13":"product_tag-frances-es","14":"product_tag-ingles","15":"pa_idioma-catalan","16":"pa_idioma-deutsch-es","17":"pa_idioma-english-es","18":"pa_idioma-espanol-es-2","19":"pa_idioma-francais-es","21":"first","22":"instock","23":"taxable","24":"shipping-taxable","25":"purchasable","26":"product-type-variable","27":"has-default-attributes"},"acf":[],"_links":{"self":[{"href":"https:\/\/triangle.cat\/es\/wp-json\/wp\/v2\/product\/27700","targetHints":{"allow":["GET"]}}],"collection":[{"href":"https:\/\/triangle.cat\/es\/wp-json\/wp\/v2\/product"}],"about":[{"href":"https:\/\/triangle.cat\/es\/wp-json\/wp\/v2\/types\/product"}],"replies":[{"embeddable":true,"href":"https:\/\/triangle.cat\/es\/wp-json\/wp\/v2\/comments?post=27700"}],"wp:featuredmedia":[{"embeddable":true,"href":"https:\/\/triangle.cat\/es\/wp-json\/wp\/v2\/media\/21383"}],"wp:attachment":[{"href":"https:\/\/triangle.cat\/es\/wp-json\/wp\/v2\/media?parent=27700"}],"wp:term":[{"taxonomy":"product_brand","embeddable":true,"href":"https:\/\/triangle.cat\/es\/wp-json\/wp\/v2\/product_brand?post=27700"},{"taxonomy":"product_cat","embeddable":true,"href":"https:\/\/triangle.cat\/es\/wp-json\/wp\/v2\/product_cat?post=27700"},{"taxonomy":"product_tag","embeddable":true,"href":"https:\/\/triangle.cat\/es\/wp-json\/wp\/v2\/product_tag?post=27700"}],"curies":[{"name":"wp","href":"https:\/\/api.w.org\/{rel}","templated":true}]}}