
{"id":27688,"date":"2023-02-13T19:46:45","date_gmt":"2023-02-13T21:28:22","guid":{"rendered":"https:\/\/www.triangleeditorial.com\/producto\/el-conjunto-monumental-de-sant-pere-de-rodes\/"},"modified":"2024-07-26T11:56:34","modified_gmt":"2024-07-26T09:56:34","slug":"el-conjunto-monumental-de-sant-pere-de-rodes","status":"publish","type":"product","link":"https:\/\/triangle.cat\/es\/producto\/el-conjunto-monumental-de-sant-pere-de-rodes\/","title":{"rendered":"El Conjunto monumental de Sant Pere de Rodes"},"content":{"rendered":"","protected":false},"excerpt":{"rendered":"<p>En un entorno natural extraordinario, cuyas vistas al Mediterr\u00e1neo dif\u00edcilmente se olvidan, el conjunto monumental de la sierra de Rodes abarca la abad\u00eda de Sant Pere de Rodes, el castillo de Sant Salvador de Verdera y el pueblo de Santa\u00a0Creu. Oratores, bellatores y\u00a0laboratores, los tres \u00f3rdenes que articulaban la sociedad feudal, han dejado all\u00ed su huella, de una forma excepcional. La visita al conjunto monumental supone un viaje en vivo al imaginario social medieval.<\/p>\n","protected":false},"featured_media":21374,"comment_status":"closed","ping_status":"open","template":"","meta":{"_acf_changed":false,"_monsterinsights_skip_tracking":false,"_monsterinsights_sitenote_active":false,"_monsterinsights_sitenote_note":"","_monsterinsights_sitenote_category":0},"product_brand":[],"product_cat":[1497,1537,1506,1561],"product_tag":[292,295,1008,293],"class_list":{"0":"post-27688","1":"product","2":"type-product","3":"status-publish","4":"has-post-thumbnail","6":"product_cat-arte-y-arquitectura","7":"product_cat-arte-y-arquitectura-es","8":"product_cat-coleccion-patrimonium","9":"product_cat-girona-costa-brava-es","10":"product_tag-catalan","11":"product_tag-espanol","12":"product_tag-frances-es","13":"product_tag-ingles","14":"pa_idioma-catalan","15":"pa_idioma-english-es","16":"pa_idioma-espanol-es-2","17":"pa_idioma-francais-es","19":"first","20":"instock","21":"taxable","22":"shipping-taxable","23":"purchasable","24":"product-type-variable","25":"has-default-attributes"},"acf":[],"_links":{"self":[{"href":"https:\/\/triangle.cat\/es\/wp-json\/wp\/v2\/product\/27688","targetHints":{"allow":["GET"]}}],"collection":[{"href":"https:\/\/triangle.cat\/es\/wp-json\/wp\/v2\/product"}],"about":[{"href":"https:\/\/triangle.cat\/es\/wp-json\/wp\/v2\/types\/product"}],"replies":[{"embeddable":true,"href":"https:\/\/triangle.cat\/es\/wp-json\/wp\/v2\/comments?post=27688"}],"wp:featuredmedia":[{"embeddable":true,"href":"https:\/\/triangle.cat\/es\/wp-json\/wp\/v2\/media\/21374"}],"wp:attachment":[{"href":"https:\/\/triangle.cat\/es\/wp-json\/wp\/v2\/media?parent=27688"}],"wp:term":[{"taxonomy":"product_brand","embeddable":true,"href":"https:\/\/triangle.cat\/es\/wp-json\/wp\/v2\/product_brand?post=27688"},{"taxonomy":"product_cat","embeddable":true,"href":"https:\/\/triangle.cat\/es\/wp-json\/wp\/v2\/product_cat?post=27688"},{"taxonomy":"product_tag","embeddable":true,"href":"https:\/\/triangle.cat\/es\/wp-json\/wp\/v2\/product_tag?post=27688"}],"curies":[{"name":"wp","href":"https:\/\/api.w.org\/{rel}","templated":true}]}}