
{"id":27683,"date":"2023-02-13T19:46:19","date_gmt":"2023-02-13T21:27:51","guid":{"rendered":"https:\/\/www.triangleeditorial.com\/producto\/santes-creus-monasterio-real\/"},"modified":"2024-07-26T11:56:34","modified_gmt":"2024-07-26T09:56:34","slug":"santes-creus-monasterio-real","status":"publish","type":"product","link":"https:\/\/triangle.cat\/es\/producto\/santes-creus-monasterio-real\/","title":{"rendered":"Santes Creus, Monasterio Real"},"content":{"rendered":"","protected":false},"excerpt":{"rendered":"<p>En la orilla izquierda del peque\u00f1o r\u00edo Gai\u00e0, se levanta uno de los grandes monasterios cistercienses de Europa, el Real Monasterio de Santes Creus. Fundado en 1160 por monjes provenientes del monasterio de la Grand Selva, es uno de los mejores ejemplos del canon cisterciense. A inicios del siglo XIV, cuando se convirti\u00f3 en el primer pante\u00f3n de los reyes de la Corona de Arag\u00f3n, Santes Creus fue la puerta de entrada del arte g\u00f3tico en Catalu\u00f1a. La austeridad cisterciense y la riqueza decorativa del g\u00f3tico dialogan a\u00fan hoy en el monasterio, lo que le confiere una identidad \u00fanica.<\/p>\n","protected":false},"featured_media":27638,"comment_status":"closed","ping_status":"open","template":"","meta":{"_acf_changed":false,"_monsterinsights_skip_tracking":false,"_monsterinsights_sitenote_active":false,"_monsterinsights_sitenote_note":"","_monsterinsights_sitenote_category":0},"product_brand":[],"product_cat":[1537,1497,1503,1543,1506],"product_tag":[],"class_list":{"0":"post-27683","1":"product","2":"type-product","3":"status-publish","4":"has-post-thumbnail","6":"product_cat-arte-y-arquitectura-es","7":"product_cat-arte-y-arquitectura","8":"product_cat-cataluna","9":"product_cat-cataluna-es","10":"product_cat-coleccion-patrimonium","11":"pa_idioma-catalan","12":"pa_idioma-english-es","13":"pa_idioma-espanol-es-2","14":"pa_idioma-francais-es","16":"first","17":"instock","18":"taxable","19":"shipping-taxable","20":"purchasable","21":"product-type-variable","22":"has-default-attributes"},"acf":[],"_links":{"self":[{"href":"https:\/\/triangle.cat\/es\/wp-json\/wp\/v2\/product\/27683","targetHints":{"allow":["GET"]}}],"collection":[{"href":"https:\/\/triangle.cat\/es\/wp-json\/wp\/v2\/product"}],"about":[{"href":"https:\/\/triangle.cat\/es\/wp-json\/wp\/v2\/types\/product"}],"replies":[{"embeddable":true,"href":"https:\/\/triangle.cat\/es\/wp-json\/wp\/v2\/comments?post=27683"}],"wp:featuredmedia":[{"embeddable":true,"href":"https:\/\/triangle.cat\/es\/wp-json\/wp\/v2\/media\/27638"}],"wp:attachment":[{"href":"https:\/\/triangle.cat\/es\/wp-json\/wp\/v2\/media?parent=27683"}],"wp:term":[{"taxonomy":"product_brand","embeddable":true,"href":"https:\/\/triangle.cat\/es\/wp-json\/wp\/v2\/product_brand?post=27683"},{"taxonomy":"product_cat","embeddable":true,"href":"https:\/\/triangle.cat\/es\/wp-json\/wp\/v2\/product_cat?post=27683"},{"taxonomy":"product_tag","embeddable":true,"href":"https:\/\/triangle.cat\/es\/wp-json\/wp\/v2\/product_tag?post=27683"}],"curies":[{"name":"wp","href":"https:\/\/api.w.org\/{rel}","templated":true}]}}