
{"id":27677,"date":"2023-02-13T19:45:00","date_gmt":"2023-02-13T21:26:26","guid":{"rendered":"https:\/\/www.triangleeditorial.com\/producto\/granada\/"},"modified":"2023-07-28T09:09:42","modified_gmt":"2023-07-28T09:09:42","slug":"granada","status":"publish","type":"product","link":"https:\/\/triangle.cat\/es\/producto\/granada\/","title":{"rendered":"Granada"},"content":{"rendered":"","protected":false},"excerpt":{"rendered":"<p>Granada fue tierra de mestizaje mucho antes de que existiera la aldea global. El barrio isl\u00e1mico del Albayz\u00edn, el barrio jud\u00edo del Realejo y las bellezas del arte mud\u00e9jar dan testimonio de esa riqueza de culturas, que culmina en la Alhambra y el Generalife. Ciudad g\u00f3tica, renacentista y barroca.<\/p>\n","protected":false},"featured_media":4697,"comment_status":"closed","ping_status":"open","template":"","meta":{"_acf_changed":false,"_monsterinsights_skip_tracking":false,"_monsterinsights_sitenote_active":false,"_monsterinsights_sitenote_note":"","_monsterinsights_sitenote_category":0},"product_brand":[],"product_cat":[1534],"product_tag":[991,295,1008,293,319],"class_list":{"0":"post-27677","1":"product","2":"type-product","3":"status-publish","4":"has-post-thumbnail","6":"product_cat-andalucia-es-2","7":"product_tag-aleman-es","8":"product_tag-espanol","9":"product_tag-frances-es","10":"product_tag-ingles","11":"product_tag-italiano","12":"pa_idioma-deutsch-es","13":"pa_idioma-english-es","14":"pa_idioma-espanol-es-2","15":"pa_idioma-francais-es","16":"pa_idioma-italiano-es","18":"first","19":"instock","20":"taxable","21":"shipping-taxable","22":"purchasable","23":"product-type-variable","24":"has-default-attributes"},"acf":[],"_links":{"self":[{"href":"https:\/\/triangle.cat\/es\/wp-json\/wp\/v2\/product\/27677","targetHints":{"allow":["GET"]}}],"collection":[{"href":"https:\/\/triangle.cat\/es\/wp-json\/wp\/v2\/product"}],"about":[{"href":"https:\/\/triangle.cat\/es\/wp-json\/wp\/v2\/types\/product"}],"replies":[{"embeddable":true,"href":"https:\/\/triangle.cat\/es\/wp-json\/wp\/v2\/comments?post=27677"}],"wp:featuredmedia":[{"embeddable":true,"href":"https:\/\/triangle.cat\/es\/wp-json\/wp\/v2\/media\/4697"}],"wp:attachment":[{"href":"https:\/\/triangle.cat\/es\/wp-json\/wp\/v2\/media?parent=27677"}],"wp:term":[{"taxonomy":"product_brand","embeddable":true,"href":"https:\/\/triangle.cat\/es\/wp-json\/wp\/v2\/product_brand?post=27677"},{"taxonomy":"product_cat","embeddable":true,"href":"https:\/\/triangle.cat\/es\/wp-json\/wp\/v2\/product_cat?post=27677"},{"taxonomy":"product_tag","embeddable":true,"href":"https:\/\/triangle.cat\/es\/wp-json\/wp\/v2\/product_tag?post=27677"}],"curies":[{"name":"wp","href":"https:\/\/api.w.org\/{rel}","templated":true}]}}