
{"id":27669,"date":"2023-02-13T19:44:23","date_gmt":"2023-02-13T21:25:38","guid":{"rendered":"https:\/\/www.triangleeditorial.com\/producto\/castillo-gala-dali\/"},"modified":"2023-02-13T21:26:28","modified_gmt":"2023-02-13T21:26:28","slug":"castillo-gala-dali","status":"publish","type":"product","link":"https:\/\/triangle.cat\/es\/producto\/castillo-gala-dali\/","title":{"rendered":"Castillo Gala Dal\u00ed"},"content":{"rendered":"","protected":false},"excerpt":{"rendered":"<p>Del llamado tri\u00e1ngulo daliniano, el castillo de P\u00fabol es el m\u00e1s austero y el relacionado con la \u00faltima fase creativa del artista. Es el lugar que Dal\u00ed ofrece a su dama, el que le entrega en homenaje. Un lugar de aislamiento, melanc\u00f3lico, de aires proustianos, de b\u00fasqueda de un mundo perdido, de proyecci\u00f3n subjetiva.Esta gu\u00eda sobre la Casa-Museo Castillo Gala Dal\u00ed de P\u00fabol completa la trilog\u00eda escrita por Antoni Pitxot y Montse Aguer e ilustrada con fotograf\u00edas de Jordi Puig, que se inici\u00f3 con el Teatro-Museo Dal\u00ed de Figueres y la Casa-Museo Salvador Dal\u00ed de Portlligat, dedicada a los espacios donde transcurri\u00f3 buena parte de la vida cotidiana del genial artista ampurdan\u00e9s.<\/p>\n","protected":false},"featured_media":21362,"comment_status":"closed","ping_status":"open","template":"","meta":{"_acf_changed":false,"_monsterinsights_skip_tracking":false,"_monsterinsights_sitenote_active":false,"_monsterinsights_sitenote_note":"","_monsterinsights_sitenote_category":0},"product_brand":[],"product_cat":[1497,1503,1561,1549],"product_tag":[991,292,295,1008,293,319,1089],"class_list":{"0":"post-27669","1":"product","2":"type-product","3":"status-publish","4":"has-post-thumbnail","6":"product_cat-arte-y-arquitectura","7":"product_cat-cataluna","8":"product_cat-girona-costa-brava-es","9":"product_cat-salvador-dali-es","10":"product_tag-aleman-es","11":"product_tag-catalan","12":"product_tag-espanol","13":"product_tag-frances-es","14":"product_tag-ingles","15":"product_tag-italiano","16":"product_tag-ruso-es","17":"pa_idioma-catalan","18":"pa_idioma-deutsch-es","19":"pa_idioma-english-es","20":"pa_idioma-espanol-es-2","21":"pa_idioma-francais-es","22":"pa_idioma-italiano-es","23":"pa_idioma--es","25":"first","26":"instock","27":"taxable","28":"shipping-taxable","29":"purchasable","30":"product-type-variable","31":"has-default-attributes"},"acf":[],"_links":{"self":[{"href":"https:\/\/triangle.cat\/es\/wp-json\/wp\/v2\/product\/27669","targetHints":{"allow":["GET"]}}],"collection":[{"href":"https:\/\/triangle.cat\/es\/wp-json\/wp\/v2\/product"}],"about":[{"href":"https:\/\/triangle.cat\/es\/wp-json\/wp\/v2\/types\/product"}],"replies":[{"embeddable":true,"href":"https:\/\/triangle.cat\/es\/wp-json\/wp\/v2\/comments?post=27669"}],"wp:featuredmedia":[{"embeddable":true,"href":"https:\/\/triangle.cat\/es\/wp-json\/wp\/v2\/media\/21362"}],"wp:attachment":[{"href":"https:\/\/triangle.cat\/es\/wp-json\/wp\/v2\/media?parent=27669"}],"wp:term":[{"taxonomy":"product_brand","embeddable":true,"href":"https:\/\/triangle.cat\/es\/wp-json\/wp\/v2\/product_brand?post=27669"},{"taxonomy":"product_cat","embeddable":true,"href":"https:\/\/triangle.cat\/es\/wp-json\/wp\/v2\/product_cat?post=27669"},{"taxonomy":"product_tag","embeddable":true,"href":"https:\/\/triangle.cat\/es\/wp-json\/wp\/v2\/product_tag?post=27669"}],"curies":[{"name":"wp","href":"https:\/\/api.w.org\/{rel}","templated":true}]}}