
{"id":26394,"date":"2023-02-13T14:41:08","date_gmt":"2023-02-13T14:41:08","guid":{"rendered":"https:\/\/www.triangleeditorial.com\/producto\/salvador-dali\/"},"modified":"2023-02-13T15:55:11","modified_gmt":"2023-02-13T15:55:11","slug":"salvador-dali","status":"publish","type":"product","link":"https:\/\/triangle.cat\/es\/producto\/salvador-dali\/","title":{"rendered":"Salvador Dal\u00ed"},"content":{"rendered":"","protected":false},"excerpt":{"rendered":"<p>Entre las calas del Cap de Creus se alza el refugio secreto de Salvador Dal\u00ed y su musa Gala. Una residencia \u00fanica, llena de sorpresas y decoraciones at\u00edpicas construidas por la imaginaci\u00f3n desbordada del genio. Un viaje al coraz\u00f3n del artista en un entorno natural privilegiado, que le inspiro la mayor\u00eda de sus obras maestras.<\/p>\n","protected":false},"featured_media":21350,"comment_status":"closed","ping_status":"closed","template":"","meta":{"_acf_changed":false,"_monsterinsights_skip_tracking":false,"_monsterinsights_sitenote_active":false,"_monsterinsights_sitenote_note":"","_monsterinsights_sitenote_category":0},"product_brand":[],"product_cat":[1497,1503,1561,1549],"product_tag":[991,292,295,1008,293,319,1089],"class_list":{"0":"post-26394","1":"product","2":"type-product","3":"status-publish","4":"has-post-thumbnail","6":"product_cat-arte-y-arquitectura","7":"product_cat-cataluna","8":"product_cat-girona-costa-brava-es","9":"product_cat-salvador-dali-es","10":"product_tag-aleman-es","11":"product_tag-catalan","12":"product_tag-espanol","13":"product_tag-frances-es","14":"product_tag-ingles","15":"product_tag-italiano","16":"product_tag-ruso-es","17":"pa_idioma-catalan","18":"pa_idioma-deutsch-es","19":"pa_idioma-english-es","20":"pa_idioma-espanol-es-2","21":"pa_idioma-francais-es","22":"pa_idioma-italiano-es","23":"pa_idioma--es","25":"first","26":"instock","27":"taxable","28":"shipping-taxable","29":"purchasable","30":"product-type-variable","31":"has-default-attributes"},"acf":[],"_links":{"self":[{"href":"https:\/\/triangle.cat\/es\/wp-json\/wp\/v2\/product\/26394","targetHints":{"allow":["GET"]}}],"collection":[{"href":"https:\/\/triangle.cat\/es\/wp-json\/wp\/v2\/product"}],"about":[{"href":"https:\/\/triangle.cat\/es\/wp-json\/wp\/v2\/types\/product"}],"replies":[{"embeddable":true,"href":"https:\/\/triangle.cat\/es\/wp-json\/wp\/v2\/comments?post=26394"}],"wp:featuredmedia":[{"embeddable":true,"href":"https:\/\/triangle.cat\/es\/wp-json\/wp\/v2\/media\/21350"}],"wp:attachment":[{"href":"https:\/\/triangle.cat\/es\/wp-json\/wp\/v2\/media?parent=26394"}],"wp:term":[{"taxonomy":"product_brand","embeddable":true,"href":"https:\/\/triangle.cat\/es\/wp-json\/wp\/v2\/product_brand?post=26394"},{"taxonomy":"product_cat","embeddable":true,"href":"https:\/\/triangle.cat\/es\/wp-json\/wp\/v2\/product_cat?post=26394"},{"taxonomy":"product_tag","embeddable":true,"href":"https:\/\/triangle.cat\/es\/wp-json\/wp\/v2\/product_tag?post=26394"}],"curies":[{"name":"wp","href":"https:\/\/api.w.org\/{rel}","templated":true}]}}