
{"id":26385,"date":"2023-02-13T14:40:29","date_gmt":"2023-02-13T15:53:44","guid":{"rendered":"https:\/\/www.triangleeditorial.com\/producto\/park-guell\/"},"modified":"2023-02-13T15:54:31","modified_gmt":"2023-02-13T15:54:31","slug":"park-guell","status":"publish","type":"product","link":"https:\/\/triangle.cat\/es\/producto\/park-guell\/","title":{"rendered":"Park G\u00fcell"},"content":{"rendered":"","protected":false},"excerpt":{"rendered":"<p>Os proponemos la visita a un mundo m\u00e1gico, de ensue\u00f1o y belleza: \u00a1un parque de leyenda! La Gu\u00eda del Park G\u00fcell es un completo, minucioso y ordenado recorrido por esta extraordinaria obra de Antoni Gaud\u00ed. Numerosas fotograf\u00edas comentadas, datos hist\u00f3ricos, descripciones de las aportaciones art\u00edsticas avanzadas a su tiempo y su valor simb\u00f3lico, curiosidades, \u00abpeque\u00f1os secretos\u00bb y un detallado mapa del parque os har\u00e1n disfrutar de una experiencia \u00fanica.<\/p>\n","protected":false},"featured_media":21337,"comment_status":"closed","ping_status":"open","template":"","meta":{"_acf_changed":false,"_monsterinsights_skip_tracking":false,"_monsterinsights_sitenote_active":false,"_monsterinsights_sitenote_note":"","_monsterinsights_sitenote_category":0},"product_brand":[],"product_cat":[1558,1537,1497,1501],"product_tag":[991,292,295,1008,293,319,1095],"class_list":{"0":"post-26385","1":"product","2":"type-product","3":"status-publish","4":"has-post-thumbnail","6":"product_cat-antoni-gaudi-es","7":"product_cat-arte-y-arquitectura-es","8":"product_cat-arte-y-arquitectura","9":"product_cat-barcelona-es","10":"product_tag-aleman-es","11":"product_tag-catalan","12":"product_tag-espanol","13":"product_tag-frances-es","14":"product_tag-ingles","15":"product_tag-italiano","16":"product_tag-japones-es","17":"pa_idioma-catalan","18":"pa_idioma-coreano","19":"pa_idioma-deutsch-es","20":"pa_idioma-english-es","21":"pa_idioma-espanol-es-2","22":"pa_idioma-francais-es","23":"pa_idioma-italiano-es","24":"pa_idioma--es","26":"first","27":"instock","28":"taxable","29":"shipping-taxable","30":"purchasable","31":"product-type-variable","32":"has-default-attributes"},"acf":[],"_links":{"self":[{"href":"https:\/\/triangle.cat\/es\/wp-json\/wp\/v2\/product\/26385","targetHints":{"allow":["GET"]}}],"collection":[{"href":"https:\/\/triangle.cat\/es\/wp-json\/wp\/v2\/product"}],"about":[{"href":"https:\/\/triangle.cat\/es\/wp-json\/wp\/v2\/types\/product"}],"replies":[{"embeddable":true,"href":"https:\/\/triangle.cat\/es\/wp-json\/wp\/v2\/comments?post=26385"}],"wp:featuredmedia":[{"embeddable":true,"href":"https:\/\/triangle.cat\/es\/wp-json\/wp\/v2\/media\/21337"}],"wp:attachment":[{"href":"https:\/\/triangle.cat\/es\/wp-json\/wp\/v2\/media?parent=26385"}],"wp:term":[{"taxonomy":"product_brand","embeddable":true,"href":"https:\/\/triangle.cat\/es\/wp-json\/wp\/v2\/product_brand?post=26385"},{"taxonomy":"product_cat","embeddable":true,"href":"https:\/\/triangle.cat\/es\/wp-json\/wp\/v2\/product_cat?post=26385"},{"taxonomy":"product_tag","embeddable":true,"href":"https:\/\/triangle.cat\/es\/wp-json\/wp\/v2\/product_tag?post=26385"}],"curies":[{"name":"wp","href":"https:\/\/api.w.org\/{rel}","templated":true}]}}