
{"id":26382,"date":"2023-02-13T14:39:57","date_gmt":"2023-02-13T15:53:14","guid":{"rendered":"https:\/\/www.triangleeditorial.com\/producto\/pirineos-catalanes\/"},"modified":"2023-04-11T10:50:49","modified_gmt":"2023-04-11T10:50:49","slug":"pirineos-catalanes","status":"publish","type":"product","link":"https:\/\/triangle.cat\/es\/producto\/pirineos-catalanes\/","title":{"rendered":"Pirineos Catalanes"},"content":{"rendered":"","protected":false},"excerpt":{"rendered":"<p>Con estas 10 mejores traves\u00edas a pie, Sergi Lara, uno de los m\u00e1s experimentados gu\u00edas profesionales de monta\u00f1a, nos acerca, entre el bosque atl\u00e1ntico y el mediterr\u00e1neo, entre el roquedal calc\u00e1reo y el gran\u00edtico, a un espacio natural que se muestra tan potente que se impone sobre cualquier obra humana moderna.Si adem\u00e1s le a\u00f1adimos una riqueza cultural que ha poblado todos sus confines desde hace milenios, la ruta a pie a trav\u00e9s de los Pirineos catalanes proporciona una de las m\u00e1s selectas experiencias humanas.<\/p>\n","protected":false},"featured_media":21330,"comment_status":"closed","ping_status":"closed","template":"","meta":{"_acf_changed":false,"_monsterinsights_skip_tracking":false,"_monsterinsights_sitenote_active":false,"_monsterinsights_sitenote_note":"","_monsterinsights_sitenote_category":0},"product_brand":[],"product_cat":[1503,1543,1521],"product_tag":[292,295],"class_list":{"0":"post-26382","1":"product","2":"type-product","3":"status-publish","4":"has-post-thumbnail","6":"product_cat-cataluna","7":"product_cat-cataluna-es","8":"product_cat-senderismo-y-ciclismo","9":"product_tag-catalan","10":"product_tag-espanol","11":"pa_idioma-catalan","12":"pa_idioma-espanol-es-2","14":"first","15":"instock","16":"taxable","17":"shipping-taxable","18":"purchasable","19":"product-type-variable","20":"has-default-attributes"},"acf":[],"_links":{"self":[{"href":"https:\/\/triangle.cat\/es\/wp-json\/wp\/v2\/product\/26382","targetHints":{"allow":["GET"]}}],"collection":[{"href":"https:\/\/triangle.cat\/es\/wp-json\/wp\/v2\/product"}],"about":[{"href":"https:\/\/triangle.cat\/es\/wp-json\/wp\/v2\/types\/product"}],"replies":[{"embeddable":true,"href":"https:\/\/triangle.cat\/es\/wp-json\/wp\/v2\/comments?post=26382"}],"wp:featuredmedia":[{"embeddable":true,"href":"https:\/\/triangle.cat\/es\/wp-json\/wp\/v2\/media\/21330"}],"wp:attachment":[{"href":"https:\/\/triangle.cat\/es\/wp-json\/wp\/v2\/media?parent=26382"}],"wp:term":[{"taxonomy":"product_brand","embeddable":true,"href":"https:\/\/triangle.cat\/es\/wp-json\/wp\/v2\/product_brand?post=26382"},{"taxonomy":"product_cat","embeddable":true,"href":"https:\/\/triangle.cat\/es\/wp-json\/wp\/v2\/product_cat?post=26382"},{"taxonomy":"product_tag","embeddable":true,"href":"https:\/\/triangle.cat\/es\/wp-json\/wp\/v2\/product_tag?post=26382"}],"curies":[{"name":"wp","href":"https:\/\/api.w.org\/{rel}","templated":true}]}}