
{"id":26372,"date":"2023-02-13T14:38:51","date_gmt":"2023-02-13T15:52:08","guid":{"rendered":"https:\/\/www.triangleeditorial.com\/producto\/pirineo-de-girona-costa-brava\/"},"modified":"2023-04-11T11:01:22","modified_gmt":"2023-04-11T11:01:22","slug":"pirineo-de-girona-costa-brava","status":"publish","type":"product","link":"https:\/\/triangle.cat\/es\/producto\/pirineo-de-girona-costa-brava\/","title":{"rendered":"Pirineo de Girona &#8211; Costa Brava"},"content":{"rendered":"","protected":false},"excerpt":{"rendered":"<p>Las tierras de Girona han sido cruce de caminos a lo largo de la historia. Para conocer el Pirineo de Girona y la Costa Brava, nadie mejor que Sergi Lara (ge\u00f3grafo, escritor, fot\u00f3grafo y gu\u00eda de monta\u00f1a profesional) que ha seleccionado 51 de las m\u00e1s emblem\u00e1ticas rutas para hacer a pie, en bicicleta y en kayak de mar, con el objetivo precisamente de poner en valor uno de los mejores destinos del mundo para la pr\u00e1ctica del turismo activo y de naturaleza.<\/p>\n","protected":false},"featured_media":26373,"comment_status":"closed","ping_status":"open","template":"","meta":{"_acf_changed":false,"_monsterinsights_skip_tracking":false,"_monsterinsights_sitenote_active":false,"_monsterinsights_sitenote_note":"","_monsterinsights_sitenote_category":0},"product_brand":[],"product_cat":[1503,1561,1521],"product_tag":[991,292,295,1008,293],"class_list":{"0":"post-26372","1":"product","2":"type-product","3":"status-publish","4":"has-post-thumbnail","6":"product_cat-cataluna","7":"product_cat-girona-costa-brava-es","8":"product_cat-senderismo-y-ciclismo","9":"product_tag-aleman-es","10":"product_tag-catalan","11":"product_tag-espanol","12":"product_tag-frances-es","13":"product_tag-ingles","14":"pa_idioma-catalan","15":"pa_idioma-deutsch-es","16":"pa_idioma-english-es","17":"pa_idioma-espanol-es-2","18":"pa_idioma-francais-es","20":"first","21":"instock","22":"taxable","23":"shipping-taxable","24":"purchasable","25":"product-type-variable","26":"has-default-attributes"},"acf":[],"_links":{"self":[{"href":"https:\/\/triangle.cat\/es\/wp-json\/wp\/v2\/product\/26372","targetHints":{"allow":["GET"]}}],"collection":[{"href":"https:\/\/triangle.cat\/es\/wp-json\/wp\/v2\/product"}],"about":[{"href":"https:\/\/triangle.cat\/es\/wp-json\/wp\/v2\/types\/product"}],"replies":[{"embeddable":true,"href":"https:\/\/triangle.cat\/es\/wp-json\/wp\/v2\/comments?post=26372"}],"wp:featuredmedia":[{"embeddable":true,"href":"https:\/\/triangle.cat\/es\/wp-json\/wp\/v2\/media\/26373"}],"wp:attachment":[{"href":"https:\/\/triangle.cat\/es\/wp-json\/wp\/v2\/media?parent=26372"}],"wp:term":[{"taxonomy":"product_brand","embeddable":true,"href":"https:\/\/triangle.cat\/es\/wp-json\/wp\/v2\/product_brand?post=26372"},{"taxonomy":"product_cat","embeddable":true,"href":"https:\/\/triangle.cat\/es\/wp-json\/wp\/v2\/product_cat?post=26372"},{"taxonomy":"product_tag","embeddable":true,"href":"https:\/\/triangle.cat\/es\/wp-json\/wp\/v2\/product_tag?post=26372"}],"curies":[{"name":"wp","href":"https:\/\/api.w.org\/{rel}","templated":true}]}}