
{"id":26365,"date":"2023-02-13T14:38:20","date_gmt":"2023-02-13T15:51:32","guid":{"rendered":"https:\/\/www.triangleeditorial.com\/producto\/menorca-2\/"},"modified":"2025-03-12T15:01:26","modified_gmt":"2025-03-12T13:01:26","slug":"menorca-2","status":"publish","type":"product","link":"https:\/\/triangle.cat\/es\/producto\/menorca-2\/","title":{"rendered":"Menorca"},"content":{"rendered":"","protected":false},"excerpt":{"rendered":"<p>Todo el litoral menorqu\u00edn a trav\u00e9s de un exhaustivo recorrido en fotos a\u00e9reas. Excursiones e itinerarios en coche acompa\u00f1ados de una detallada cartograf\u00eda. Gu\u00eda pr\u00e1ctica de playas, arquitectura rural, historia, museos, arqueolog\u00eda, fiestas, restaurantes y alojamientos.EDICI\u00d3N 2017: INFORMACI\u00d3N ACTUALIZADA \u2022 NUEVAS FOTOS \u2022 NUEVO FORMATO \u2022 NUEVO DISE\u00d1O<\/p>\n","protected":false},"featured_media":19887,"comment_status":"closed","ping_status":"closed","template":"","meta":{"_acf_changed":false,"_monsterinsights_skip_tracking":false,"_monsterinsights_sitenote_active":false,"_monsterinsights_sitenote_note":"","_monsterinsights_sitenote_category":0},"product_brand":[],"product_cat":[1527],"product_tag":[991,292,295,1008,293,319],"class_list":{"0":"post-26365","1":"product","2":"type-product","3":"status-publish","4":"has-post-thumbnail","6":"product_cat-islas-baleares","7":"product_tag-aleman-es","8":"product_tag-catalan","9":"product_tag-espanol","10":"product_tag-frances-es","11":"product_tag-ingles","12":"product_tag-italiano","13":"pa_idioma-catalan","14":"pa_idioma-deutsch-es","15":"pa_idioma-english-es","16":"pa_idioma-espanol-es-2","17":"pa_idioma-francais-es","18":"pa_idioma-italiano-es","20":"first","21":"instock","22":"taxable","23":"shipping-taxable","24":"purchasable","25":"product-type-variable","26":"has-default-attributes"},"acf":[],"_links":{"self":[{"href":"https:\/\/triangle.cat\/es\/wp-json\/wp\/v2\/product\/26365","targetHints":{"allow":["GET"]}}],"collection":[{"href":"https:\/\/triangle.cat\/es\/wp-json\/wp\/v2\/product"}],"about":[{"href":"https:\/\/triangle.cat\/es\/wp-json\/wp\/v2\/types\/product"}],"replies":[{"embeddable":true,"href":"https:\/\/triangle.cat\/es\/wp-json\/wp\/v2\/comments?post=26365"}],"wp:featuredmedia":[{"embeddable":true,"href":"https:\/\/triangle.cat\/es\/wp-json\/wp\/v2\/media\/19887"}],"wp:attachment":[{"href":"https:\/\/triangle.cat\/es\/wp-json\/wp\/v2\/media?parent=26365"}],"wp:term":[{"taxonomy":"product_brand","embeddable":true,"href":"https:\/\/triangle.cat\/es\/wp-json\/wp\/v2\/product_brand?post=26365"},{"taxonomy":"product_cat","embeddable":true,"href":"https:\/\/triangle.cat\/es\/wp-json\/wp\/v2\/product_cat?post=26365"},{"taxonomy":"product_tag","embeddable":true,"href":"https:\/\/triangle.cat\/es\/wp-json\/wp\/v2\/product_tag?post=26365"}],"curies":[{"name":"wp","href":"https:\/\/api.w.org\/{rel}","templated":true}]}}