
{"id":26360,"date":"2023-07-28T19:14:55","date_gmt":"2023-02-13T15:50:29","guid":{"rendered":"https:\/\/www.triangleeditorial.com\/producto\/monasterio-de-pedralbes\/"},"modified":"2025-02-26T11:15:20","modified_gmt":"2025-02-26T09:15:20","slug":"monasterio-de-pedralbes","status":"publish","type":"product","link":"https:\/\/triangle.cat\/es\/producto\/monasterio-de-pedralbes\/","title":{"rendered":"Monasterio de Pedralbes"},"content":{"rendered":"","protected":false},"excerpt":{"rendered":"<p>El Real Monasterio de Santa Mar\u00eda de Pedralbes es uno de los mejores ejemplos del g\u00f3tico catal\u00e1n. Fue fundado en 1327 por una reina, Elisenda de Montcada, la \u00faltima mujer de Jaime II el Justo, para una comunidad de monjas que segu\u00edan la Regla de las clarisas, hermanas espirituales de los franciscanos. Desde su fundaci\u00f3n hasta el d\u00eda de hoy, el monasterio se ha mantenido pr\u00e1cticamente sin alteraciones, tanto en su configuraci\u00f3n arquitect\u00f3nica como en los bienes muebles que la comunidad ha ido atesorando a lo largo de los siglos.<\/p>\n","protected":false},"featured_media":30316,"comment_status":"closed","ping_status":"closed","template":"","meta":{"_acf_changed":false,"_monsterinsights_skip_tracking":false,"_monsterinsights_sitenote_active":false,"_monsterinsights_sitenote_note":"","_monsterinsights_sitenote_category":0},"product_brand":[],"product_cat":[1497,1537,1501,1540,1506,1492],"product_tag":[],"class_list":{"0":"post-26360","1":"product","2":"type-product","3":"status-publish","4":"has-post-thumbnail","6":"product_cat-arte-y-arquitectura","7":"product_cat-arte-y-arquitectura-es","8":"product_cat-barcelona-es","9":"product_cat-barcelona-es-2","10":"product_cat-coleccion-patrimonium","11":"product_cat-guias","12":"pa_idioma-catalan","13":"pa_idioma-english-es","14":"pa_idioma-espanol-es-2","15":"pa_idioma-francais-es","17":"first","18":"instock","19":"taxable","20":"shipping-taxable","21":"purchasable","22":"product-type-variable","23":"has-default-attributes"},"acf":[],"_links":{"self":[{"href":"https:\/\/triangle.cat\/es\/wp-json\/wp\/v2\/product\/26360","targetHints":{"allow":["GET"]}}],"collection":[{"href":"https:\/\/triangle.cat\/es\/wp-json\/wp\/v2\/product"}],"about":[{"href":"https:\/\/triangle.cat\/es\/wp-json\/wp\/v2\/types\/product"}],"replies":[{"embeddable":true,"href":"https:\/\/triangle.cat\/es\/wp-json\/wp\/v2\/comments?post=26360"}],"wp:featuredmedia":[{"embeddable":true,"href":"https:\/\/triangle.cat\/es\/wp-json\/wp\/v2\/media\/30316"}],"wp:attachment":[{"href":"https:\/\/triangle.cat\/es\/wp-json\/wp\/v2\/media?parent=26360"}],"wp:term":[{"taxonomy":"product_brand","embeddable":true,"href":"https:\/\/triangle.cat\/es\/wp-json\/wp\/v2\/product_brand?post=26360"},{"taxonomy":"product_cat","embeddable":true,"href":"https:\/\/triangle.cat\/es\/wp-json\/wp\/v2\/product_cat?post=26360"},{"taxonomy":"product_tag","embeddable":true,"href":"https:\/\/triangle.cat\/es\/wp-json\/wp\/v2\/product_tag?post=26360"}],"curies":[{"name":"wp","href":"https:\/\/api.w.org\/{rel}","templated":true}]}}