
{"id":26354,"date":"2023-02-13T14:36:29","date_gmt":"2023-02-13T15:49:57","guid":{"rendered":"https:\/\/www.triangleeditorial.com\/producto\/el-garraf\/"},"modified":"2023-02-13T15:50:31","modified_gmt":"2023-02-13T15:50:31","slug":"el-garraf","status":"publish","type":"product","link":"https:\/\/triangle.cat\/es\/producto\/el-garraf\/","title":{"rendered":"El Garraf"},"content":{"rendered":"","protected":false},"excerpt":{"rendered":"<p>Gu\u00eda del Garraf con toda la informaci\u00f3n necesaria para disfrutar al m\u00e1ximo de esta comarca famosa por sus fiestas, playas, gastronom\u00eda, riqueza natural y amplia oferta cultural. Incluye detallados mapas y propuestas de rutas.<\/p>\n","protected":false},"featured_media":21307,"comment_status":"closed","ping_status":"open","template":"","meta":{"_acf_changed":false,"_monsterinsights_skip_tracking":false,"_monsterinsights_sitenote_active":false,"_monsterinsights_sitenote_note":"","_monsterinsights_sitenote_category":0},"product_brand":[],"product_cat":[1503,1543,1511],"product_tag":[991,292,295,1008,293],"class_list":{"0":"post-26354","1":"product","2":"type-product","3":"status-publish","4":"has-post-thumbnail","6":"product_cat-cataluna","7":"product_cat-cataluna-es","8":"product_cat-guia-mapa-es","9":"product_tag-aleman-es","10":"product_tag-catalan","11":"product_tag-espanol","12":"product_tag-frances-es","13":"product_tag-ingles","14":"pa_idioma-catalan","15":"pa_idioma-deutsch-es","16":"pa_idioma-english-es","17":"pa_idioma-espanol-es-2","18":"pa_idioma-francais-es","20":"first","21":"instock","22":"taxable","23":"shipping-taxable","24":"purchasable","25":"product-type-variable","26":"has-default-attributes"},"acf":[],"_links":{"self":[{"href":"https:\/\/triangle.cat\/es\/wp-json\/wp\/v2\/product\/26354","targetHints":{"allow":["GET"]}}],"collection":[{"href":"https:\/\/triangle.cat\/es\/wp-json\/wp\/v2\/product"}],"about":[{"href":"https:\/\/triangle.cat\/es\/wp-json\/wp\/v2\/types\/product"}],"replies":[{"embeddable":true,"href":"https:\/\/triangle.cat\/es\/wp-json\/wp\/v2\/comments?post=26354"}],"wp:featuredmedia":[{"embeddable":true,"href":"https:\/\/triangle.cat\/es\/wp-json\/wp\/v2\/media\/21307"}],"wp:attachment":[{"href":"https:\/\/triangle.cat\/es\/wp-json\/wp\/v2\/media?parent=26354"}],"wp:term":[{"taxonomy":"product_brand","embeddable":true,"href":"https:\/\/triangle.cat\/es\/wp-json\/wp\/v2\/product_brand?post=26354"},{"taxonomy":"product_cat","embeddable":true,"href":"https:\/\/triangle.cat\/es\/wp-json\/wp\/v2\/product_cat?post=26354"},{"taxonomy":"product_tag","embeddable":true,"href":"https:\/\/triangle.cat\/es\/wp-json\/wp\/v2\/product_tag?post=26354"}],"curies":[{"name":"wp","href":"https:\/\/api.w.org\/{rel}","templated":true}]}}