
{"id":26347,"date":"2023-02-13T14:35:50","date_gmt":"2023-02-13T15:49:16","guid":{"rendered":"https:\/\/www.triangleeditorial.com\/producto\/menorca\/"},"modified":"2023-03-07T12:33:45","modified_gmt":"2023-03-07T12:33:45","slug":"menorca","status":"publish","type":"product","link":"https:\/\/triangle.cat\/es\/producto\/menorca\/","title":{"rendered":"Menorca"},"content":{"rendered":"","protected":false},"excerpt":{"rendered":"<p>Menorca sintetiza la esencia mediterr\u00e1nea, una esencia que se expresa a trav\u00e9s de una historia y cultura milenarias, de un paisaje rico y diverso y de una gente que ha sabido hacer de la autenticidad su principal virtud. La suma de todo esto convierte a la isla balear, Reserva de la Biosfera desde 1993, en un peque\u00f1o para\u00edso, un espacio privilegiado en el centro de uno de los enclaves con mayor potencial tur\u00edstico del mundo: el Mediterr\u00e1neo. En esta gu\u00eda te descubrimos todos los atractivos de Menorca: m\u00e1s de un centenar de calas y playas, itinerarios para conocer los pueblos, los principales yacimientos prehist\u00f3ricos, interesantes rutas tem\u00e1ticas, excursiones a pie y en bicicleta, sugerencias gastron\u00f3micas y toda la informaci\u00f3n pr\u00e1ctica que necesitas para conocerla a fondo, incluidos recursos cartogr\u00e1ficos y fotogr\u00e1ficos actualizados.<\/p>\n","protected":false},"featured_media":21296,"comment_status":"closed","ping_status":"closed","template":"","meta":{"_acf_changed":false,"_monsterinsights_skip_tracking":false,"_monsterinsights_sitenote_active":false,"_monsterinsights_sitenote_note":"","_monsterinsights_sitenote_category":0},"product_brand":[],"product_cat":[1511,1527],"product_tag":[991,292,295,1008,293,319],"class_list":{"0":"post-26347","1":"product","2":"type-product","3":"status-publish","4":"has-post-thumbnail","6":"product_cat-guia-mapa-es","7":"product_cat-islas-baleares","8":"product_tag-aleman-es","9":"product_tag-catalan","10":"product_tag-espanol","11":"product_tag-frances-es","12":"product_tag-ingles","13":"product_tag-italiano","14":"pa_idioma-catalan","15":"pa_idioma-deutsch-es","16":"pa_idioma-english-es","17":"pa_idioma-espanol-es-2","18":"pa_idioma-francais-es","19":"pa_idioma-italiano-es","21":"first","22":"instock","23":"taxable","24":"shipping-taxable","25":"purchasable","26":"product-type-variable","27":"has-default-attributes"},"acf":[],"_links":{"self":[{"href":"https:\/\/triangle.cat\/es\/wp-json\/wp\/v2\/product\/26347","targetHints":{"allow":["GET"]}}],"collection":[{"href":"https:\/\/triangle.cat\/es\/wp-json\/wp\/v2\/product"}],"about":[{"href":"https:\/\/triangle.cat\/es\/wp-json\/wp\/v2\/types\/product"}],"replies":[{"embeddable":true,"href":"https:\/\/triangle.cat\/es\/wp-json\/wp\/v2\/comments?post=26347"}],"wp:featuredmedia":[{"embeddable":true,"href":"https:\/\/triangle.cat\/es\/wp-json\/wp\/v2\/media\/21296"}],"wp:attachment":[{"href":"https:\/\/triangle.cat\/es\/wp-json\/wp\/v2\/media?parent=26347"}],"wp:term":[{"taxonomy":"product_brand","embeddable":true,"href":"https:\/\/triangle.cat\/es\/wp-json\/wp\/v2\/product_brand?post=26347"},{"taxonomy":"product_cat","embeddable":true,"href":"https:\/\/triangle.cat\/es\/wp-json\/wp\/v2\/product_cat?post=26347"},{"taxonomy":"product_tag","embeddable":true,"href":"https:\/\/triangle.cat\/es\/wp-json\/wp\/v2\/product_tag?post=26347"}],"curies":[{"name":"wp","href":"https:\/\/api.w.org\/{rel}","templated":true}]}}