
{"id":26340,"date":"2023-02-13T14:35:19","date_gmt":"2023-02-13T15:48:41","guid":{"rendered":"https:\/\/www.triangleeditorial.com\/producto\/mallorca-2\/"},"modified":"2025-11-25T20:35:28","modified_gmt":"2025-11-25T18:35:28","slug":"mallorca-2","status":"publish","type":"product","link":"https:\/\/triangle.cat\/es\/producto\/mallorca-2\/","title":{"rendered":"Mallorca"},"content":{"rendered":"","protected":false},"excerpt":{"rendered":"<p>Una gu\u00eda necesaria para descubrir la Mallorca m\u00e1s alejada de los t\u00f3picos. Aqu\u00ed est\u00e1n descritos todos los pueblos, calas y playas de visita recomendada, donde sentir el latido m\u00e1s aut\u00e9ntico de la isla, sea conociendo tanto el paisaje interior como la ciudad de Palma, o bien disfrutando del mar que la rodea. Se propone un recorrido por toda la isla, sugiriendo conocer espacios naturales, recorrer caminos rurales a pie o en bicicleta, o realizar rutas que contemplan un rico patrimonio art\u00edstico, huella de las civilizaciones que han recalado en Mallorca desde la Prehistoria. Incluye recomendaciones para participar en fiestas populares y ferias gastron\u00f3micas, eventos que permiten impregnarse de la cultura i del car\u00e1cter \u00fanico de la buena gente de Mallorca.\u00a1Contiene un mapa desplegable!<\/p>\n","protected":false},"featured_media":21285,"comment_status":"closed","ping_status":"open","template":"","meta":{"_acf_changed":false,"_monsterinsights_skip_tracking":false,"_monsterinsights_sitenote_active":false,"_monsterinsights_sitenote_note":"","_monsterinsights_sitenote_category":0},"product_brand":[],"product_cat":[1511,1527,1570],"product_tag":[991,292,295,1008,293,1089],"class_list":{"0":"post-26340","1":"product","2":"type-product","3":"status-publish","4":"has-post-thumbnail","6":"product_cat-guia-mapa-es","7":"product_cat-islas-baleares","8":"product_cat-mallorca-es","9":"product_tag-aleman-es","10":"product_tag-catalan","11":"product_tag-espanol","12":"product_tag-frances-es","13":"product_tag-ingles","14":"product_tag-ruso-es","15":"pa_idioma-catalan","16":"pa_idioma-deutsch-es","17":"pa_idioma-english-es","18":"pa_idioma-espanol-es-2","19":"pa_idioma-francais-es","20":"pa_idioma--es","22":"first","23":"instock","24":"taxable","25":"shipping-taxable","26":"purchasable","27":"product-type-variable","28":"has-default-attributes"},"acf":[],"_links":{"self":[{"href":"https:\/\/triangle.cat\/es\/wp-json\/wp\/v2\/product\/26340","targetHints":{"allow":["GET"]}}],"collection":[{"href":"https:\/\/triangle.cat\/es\/wp-json\/wp\/v2\/product"}],"about":[{"href":"https:\/\/triangle.cat\/es\/wp-json\/wp\/v2\/types\/product"}],"replies":[{"embeddable":true,"href":"https:\/\/triangle.cat\/es\/wp-json\/wp\/v2\/comments?post=26340"}],"wp:featuredmedia":[{"embeddable":true,"href":"https:\/\/triangle.cat\/es\/wp-json\/wp\/v2\/media\/21285"}],"wp:attachment":[{"href":"https:\/\/triangle.cat\/es\/wp-json\/wp\/v2\/media?parent=26340"}],"wp:term":[{"taxonomy":"product_brand","embeddable":true,"href":"https:\/\/triangle.cat\/es\/wp-json\/wp\/v2\/product_brand?post=26340"},{"taxonomy":"product_cat","embeddable":true,"href":"https:\/\/triangle.cat\/es\/wp-json\/wp\/v2\/product_cat?post=26340"},{"taxonomy":"product_tag","embeddable":true,"href":"https:\/\/triangle.cat\/es\/wp-json\/wp\/v2\/product_tag?post=26340"}],"curies":[{"name":"wp","href":"https:\/\/api.w.org\/{rel}","templated":true}]}}