
{"id":26338,"date":"2023-02-13T14:34:48","date_gmt":"2023-02-13T15:48:30","guid":{"rendered":"https:\/\/www.triangleeditorial.com\/producto\/jujol-gaudi\/"},"modified":"2024-07-20T23:30:36","modified_gmt":"2024-07-20T21:30:36","slug":"jujol-gaudi","status":"publish","type":"product","link":"https:\/\/triangle.cat\/es\/producto\/jujol-gaudi\/","title":{"rendered":"Jujol &#038; Gaud\u00ed"},"content":{"rendered":"","protected":false},"excerpt":{"rendered":"<p>La intervenci\u00f3n de Josep Maria Jujol en los edifcios de Antoni Gaud\u00ed marc\u00f3 un antes y un despu\u00e9s en la obra gaudiniana de manera decisiva. El hijo de Jujol, Josep Maria Jujol junior, en este libro, retrata las relaciones personales y art\u00edsticas de los dos geniales arquitectos a lo largo de sus 20 a\u00f1os de colaboraci\u00f3n, iniciada en la fachada principal de la Casa Batll\u00f3 en 1906 y que acab\u00f3 de forma tr\u00e1gica por la muerte accidental de Gaud\u00ed en 1926. Gracias a su trabajo de investigaci\u00f3n tanto de fuentes directas (su propio padre, entrevistas con ayudantes y disc\u00edpulos de Gaud\u00ed&#8230;) como documentales, puede se\u00f1alar y poner en valor las intervenciones determinantes de Jujol en la obra de Gaud\u00ed y por las cuales (grafismos de en\u00e9rgica vibraci\u00f3n, \u00abtormenta crom\u00e1tica\u00bb de gran potencia y lirismo, vanguardistas collages en el trencad\u00eds&#8230;) se identifican hoy en d\u00eda muchas creaciones de Gaud\u00ed.<\/p>\n","protected":false},"featured_media":16805,"comment_status":"closed","ping_status":"closed","template":"","meta":{"_acf_changed":false,"_monsterinsights_skip_tracking":false,"_monsterinsights_sitenote_active":false,"_monsterinsights_sitenote_note":"","_monsterinsights_sitenote_category":0},"product_brand":[],"product_cat":[1558,1537],"product_tag":[295,293],"class_list":{"0":"post-26338","1":"product","2":"type-product","3":"status-publish","4":"has-post-thumbnail","6":"product_cat-antoni-gaudi-es","7":"product_cat-arte-y-arquitectura-es","8":"product_tag-espanol","9":"product_tag-ingles","10":"pa_idioma-multilingue-espanol-english-es","12":"first","13":"instock","14":"taxable","15":"shipping-taxable","16":"purchasable","17":"product-type-variable","18":"has-default-attributes"},"acf":[],"_links":{"self":[{"href":"https:\/\/triangle.cat\/es\/wp-json\/wp\/v2\/product\/26338","targetHints":{"allow":["GET"]}}],"collection":[{"href":"https:\/\/triangle.cat\/es\/wp-json\/wp\/v2\/product"}],"about":[{"href":"https:\/\/triangle.cat\/es\/wp-json\/wp\/v2\/types\/product"}],"replies":[{"embeddable":true,"href":"https:\/\/triangle.cat\/es\/wp-json\/wp\/v2\/comments?post=26338"}],"wp:featuredmedia":[{"embeddable":true,"href":"https:\/\/triangle.cat\/es\/wp-json\/wp\/v2\/media\/16805"}],"wp:attachment":[{"href":"https:\/\/triangle.cat\/es\/wp-json\/wp\/v2\/media?parent=26338"}],"wp:term":[{"taxonomy":"product_brand","embeddable":true,"href":"https:\/\/triangle.cat\/es\/wp-json\/wp\/v2\/product_brand?post=26338"},{"taxonomy":"product_cat","embeddable":true,"href":"https:\/\/triangle.cat\/es\/wp-json\/wp\/v2\/product_cat?post=26338"},{"taxonomy":"product_tag","embeddable":true,"href":"https:\/\/triangle.cat\/es\/wp-json\/wp\/v2\/product_tag?post=26338"}],"curies":[{"name":"wp","href":"https:\/\/api.w.org\/{rel}","templated":true}]}}