
{"id":26322,"date":"2023-02-13T14:32:38","date_gmt":"2023-02-13T15:46:23","guid":{"rendered":"https:\/\/www.triangleeditorial.com\/producto\/serra-de-tramuntana\/"},"modified":"2024-10-07T16:42:18","modified_gmt":"2024-10-07T14:42:18","slug":"serra-de-tramuntana","status":"publish","type":"product","link":"https:\/\/triangle.cat\/es\/producto\/serra-de-tramuntana\/","title":{"rendered":"Serra de Tramuntana"},"content":{"rendered":"","protected":false},"excerpt":{"rendered":"<p>Desde Andratx hasta Pollen\u00e7a, a lo largo de 90 km., se despliega la Ruta de pedra en sec o GR 221. La gu\u00eda para senderistas propone hacer el recorrido en ocho etapas, divididas en tramos para facilitar la orientaci\u00f3n. En cada etapa se destacan los senderos, los caminos, los alojamientos y los puntos de inter\u00e9s.<\/p>\n","protected":false},"featured_media":21275,"comment_status":"closed","ping_status":"closed","template":"","meta":{"_acf_changed":false,"_monsterinsights_skip_tracking":false,"_monsterinsights_sitenote_active":false,"_monsterinsights_sitenote_note":"","_monsterinsights_sitenote_category":0},"product_brand":[],"product_cat":[1511,1527,1570,1521],"product_tag":[991,292,295,1008,293],"class_list":{"0":"post-26322","1":"product","2":"type-product","3":"status-publish","4":"has-post-thumbnail","6":"product_cat-guia-mapa-es","7":"product_cat-islas-baleares","8":"product_cat-mallorca-es","9":"product_cat-senderismo-y-ciclismo","10":"product_tag-aleman-es","11":"product_tag-catalan","12":"product_tag-espanol","13":"product_tag-frances-es","14":"product_tag-ingles","15":"pa_idioma-catalan","16":"pa_idioma-deutsch-es","17":"pa_idioma-english-es","18":"pa_idioma-espanol-es-2","19":"pa_idioma-francais-es","21":"first","22":"outofstock","23":"taxable","24":"shipping-taxable","25":"purchasable","26":"product-type-variable","27":"has-default-attributes"},"acf":[],"_links":{"self":[{"href":"https:\/\/triangle.cat\/es\/wp-json\/wp\/v2\/product\/26322","targetHints":{"allow":["GET"]}}],"collection":[{"href":"https:\/\/triangle.cat\/es\/wp-json\/wp\/v2\/product"}],"about":[{"href":"https:\/\/triangle.cat\/es\/wp-json\/wp\/v2\/types\/product"}],"replies":[{"embeddable":true,"href":"https:\/\/triangle.cat\/es\/wp-json\/wp\/v2\/comments?post=26322"}],"wp:featuredmedia":[{"embeddable":true,"href":"https:\/\/triangle.cat\/es\/wp-json\/wp\/v2\/media\/21275"}],"wp:attachment":[{"href":"https:\/\/triangle.cat\/es\/wp-json\/wp\/v2\/media?parent=26322"}],"wp:term":[{"taxonomy":"product_brand","embeddable":true,"href":"https:\/\/triangle.cat\/es\/wp-json\/wp\/v2\/product_brand?post=26322"},{"taxonomy":"product_cat","embeddable":true,"href":"https:\/\/triangle.cat\/es\/wp-json\/wp\/v2\/product_cat?post=26322"},{"taxonomy":"product_tag","embeddable":true,"href":"https:\/\/triangle.cat\/es\/wp-json\/wp\/v2\/product_tag?post=26322"}],"curies":[{"name":"wp","href":"https:\/\/api.w.org\/{rel}","templated":true}]}}