
{"id":26304,"date":"2023-02-13T14:30:04","date_gmt":"2023-02-13T15:44:08","guid":{"rendered":"https:\/\/www.triangleeditorial.com\/producto\/girona-express\/"},"modified":"2023-03-07T11:58:39","modified_gmt":"2023-03-07T11:58:39","slug":"girona-express","status":"publish","type":"product","link":"https:\/\/triangle.cat\/es\/producto\/girona-express\/","title":{"rendered":"Girona Express"},"content":{"rendered":"","protected":false},"excerpt":{"rendered":"<p>Esta fotogu\u00eda propone conocer la ciudad de Girona y sus alrededores paseando por plazas, calles y callejuelas, prestando atenci\u00f3n a los grandes monumentos hist\u00f3ricos como la catedral, la Pujada de Sant Dom\u00e8nec o la bas\u00edlica de Sant Feliu, pero tambi\u00e9n a los peque\u00f1os detalles, a veces imperceptibles, que nos regala la ciudad. Un paseo por Girona, ilustrado con fotograf\u00edas y mapas, con 100 puntos de inter\u00e9s que iremos encontrando durante el recorrido, adem\u00e1s de rutas tem\u00e1ticas: los puentes sobre el r\u00edo, la arquitectura noucentista de Rafael Mas\u00f3, la muralla&#8230; Y en plena naturaleza, las Ribes del Ter y la Vall de Sant Daniel.<\/p>\n","protected":false},"featured_media":30380,"comment_status":"closed","ping_status":"closed","template":"","meta":{"_acf_changed":false,"_monsterinsights_skip_tracking":false,"_monsterinsights_sitenote_active":false,"_monsterinsights_sitenote_note":"","_monsterinsights_sitenote_category":0},"product_brand":[],"product_cat":[1503,1543,1561],"product_tag":[],"class_list":{"0":"post-26304","1":"product","2":"type-product","3":"status-publish","4":"has-post-thumbnail","6":"product_cat-cataluna","7":"product_cat-cataluna-es","8":"product_cat-girona-costa-brava-es","9":"pa_idioma-catalan","10":"pa_idioma-english-es","11":"pa_idioma-espanol-es-2","12":"pa_idioma-francais-es","14":"first","15":"instock","16":"taxable","17":"shipping-taxable","18":"purchasable","19":"product-type-variable","20":"has-default-attributes"},"acf":[],"_links":{"self":[{"href":"https:\/\/triangle.cat\/es\/wp-json\/wp\/v2\/product\/26304","targetHints":{"allow":["GET"]}}],"collection":[{"href":"https:\/\/triangle.cat\/es\/wp-json\/wp\/v2\/product"}],"about":[{"href":"https:\/\/triangle.cat\/es\/wp-json\/wp\/v2\/types\/product"}],"replies":[{"embeddable":true,"href":"https:\/\/triangle.cat\/es\/wp-json\/wp\/v2\/comments?post=26304"}],"wp:featuredmedia":[{"embeddable":true,"href":"https:\/\/triangle.cat\/es\/wp-json\/wp\/v2\/media\/30380"}],"wp:attachment":[{"href":"https:\/\/triangle.cat\/es\/wp-json\/wp\/v2\/media?parent=26304"}],"wp:term":[{"taxonomy":"product_brand","embeddable":true,"href":"https:\/\/triangle.cat\/es\/wp-json\/wp\/v2\/product_brand?post=26304"},{"taxonomy":"product_cat","embeddable":true,"href":"https:\/\/triangle.cat\/es\/wp-json\/wp\/v2\/product_cat?post=26304"},{"taxonomy":"product_tag","embeddable":true,"href":"https:\/\/triangle.cat\/es\/wp-json\/wp\/v2\/product_tag?post=26304"}],"curies":[{"name":"wp","href":"https:\/\/api.w.org\/{rel}","templated":true}]}}