
{"id":26297,"date":"2023-02-13T14:29:33","date_gmt":"2023-02-13T15:43:32","guid":{"rendered":"https:\/\/www.triangleeditorial.com\/producto\/ibiza-eivissa\/"},"modified":"2023-02-13T15:44:09","modified_gmt":"2023-02-13T15:44:09","slug":"ibiza-eivissa","status":"publish","type":"product","link":"https:\/\/triangle.cat\/es\/producto\/ibiza-eivissa\/","title":{"rendered":"Ibiza Eivissa"},"content":{"rendered":"","protected":false},"excerpt":{"rendered":"<p>Si algo caracteriza a Ibiza es la capacidad para absorber todas las influencias que llegan del exterior, para digerirlas y destilar un ambiente propio \u00fanico en el mundo. Es el llamado \u00abesp\u00edritu de Ibiza\u00bb, un aire de libertad que se respira en la atm\u00f3sfera n\u00edtida y luminosa de cualquier rinc\u00f3n de la isla, un esp\u00edritu que lo integra todo y a todos. Y aunque su capa m\u00e1s superficial se comercialice como una marca, la esencia de Ibiza no se compra ni se vende, ni se aprecia a primera vista. Por eso esta gu\u00eda se propone dar pistas para recorrer caminos que muestran la cara m\u00e1s aut\u00e9ntica de la isla, descubriendo los paisajes, las costumbres y la herencia cultural que la distinguen de cualquier otro lugar del planeta.<\/p>\n","protected":false},"featured_media":21247,"comment_status":"closed","ping_status":"open","template":"","meta":{"_acf_changed":false,"_monsterinsights_skip_tracking":false,"_monsterinsights_sitenote_active":false,"_monsterinsights_sitenote_note":"","_monsterinsights_sitenote_category":0},"product_brand":[],"product_cat":[1511,1552,1527],"product_tag":[991,292,295,1008,293,319],"class_list":{"0":"post-26297","1":"product","2":"type-product","3":"status-publish","4":"has-post-thumbnail","6":"product_cat-guia-mapa-es","7":"product_cat-ibiza-formentera-es","8":"product_cat-islas-baleares","9":"product_tag-aleman-es","10":"product_tag-catalan","11":"product_tag-espanol","12":"product_tag-frances-es","13":"product_tag-ingles","14":"product_tag-italiano","15":"pa_idioma-catalan","16":"pa_idioma-deutsch-es","17":"pa_idioma-english-es","18":"pa_idioma-espanol-es-2","19":"pa_idioma-francais-es","20":"pa_idioma-italiano-es","22":"first","23":"instock","24":"taxable","25":"shipping-taxable","26":"purchasable","27":"product-type-variable","28":"has-default-attributes"},"acf":[],"_links":{"self":[{"href":"https:\/\/triangle.cat\/es\/wp-json\/wp\/v2\/product\/26297","targetHints":{"allow":["GET"]}}],"collection":[{"href":"https:\/\/triangle.cat\/es\/wp-json\/wp\/v2\/product"}],"about":[{"href":"https:\/\/triangle.cat\/es\/wp-json\/wp\/v2\/types\/product"}],"replies":[{"embeddable":true,"href":"https:\/\/triangle.cat\/es\/wp-json\/wp\/v2\/comments?post=26297"}],"wp:featuredmedia":[{"embeddable":true,"href":"https:\/\/triangle.cat\/es\/wp-json\/wp\/v2\/media\/21247"}],"wp:attachment":[{"href":"https:\/\/triangle.cat\/es\/wp-json\/wp\/v2\/media?parent=26297"}],"wp:term":[{"taxonomy":"product_brand","embeddable":true,"href":"https:\/\/triangle.cat\/es\/wp-json\/wp\/v2\/product_brand?post=26297"},{"taxonomy":"product_cat","embeddable":true,"href":"https:\/\/triangle.cat\/es\/wp-json\/wp\/v2\/product_cat?post=26297"},{"taxonomy":"product_tag","embeddable":true,"href":"https:\/\/triangle.cat\/es\/wp-json\/wp\/v2\/product_tag?post=26297"}],"curies":[{"name":"wp","href":"https:\/\/api.w.org\/{rel}","templated":true}]}}