
{"id":26280,"date":"2023-02-13T14:27:24","date_gmt":"2023-02-13T15:41:38","guid":{"rendered":"https:\/\/www.triangleeditorial.com\/producto\/cap-de-creus\/"},"modified":"2023-02-13T15:42:09","modified_gmt":"2023-02-13T15:42:09","slug":"cap-de-creus","status":"publish","type":"product","link":"https:\/\/triangle.cat\/es\/producto\/cap-de-creus\/","title":{"rendered":"Cap de Creus"},"content":{"rendered":"","protected":false},"excerpt":{"rendered":"<p>El Cap de Creus, el paraje m\u00e1s extraordinario de la Costa Brava, se despliega en el extremo m\u00e1s oriental de la pen\u00ednsula Ib\u00e9rica. Lo hace justo en el punto del mapa en el que la cordillera del Pirineo, aturdida por los rabiosos embates de la tramontana \u2014el viento del norte\u2014, abandona la tierra firme, con un gesto entrecortado, para zambullirse de repente en el mar Mediterr\u00e1neo. Con esta gu\u00eda, recomendada por el Parque Natural del Cap de Creus, os proponemos 17 rutas a pie para conocer todos los rincones escondidos de este litoral tan bello, como \u00e1spero y rocoso, y os invitamos a descubrir los pueblos de la zona y todas sus calas y playas. Incluye un mapa desplegable y una gu\u00eda pr\u00e1ctica con propuestas de ocio, gastronom\u00eda, alojamiento y agenda.<\/p>\n","protected":false},"featured_media":21225,"comment_status":"closed","ping_status":"open","template":"","meta":{"_acf_changed":false,"_monsterinsights_skip_tracking":false,"_monsterinsights_sitenote_active":false,"_monsterinsights_sitenote_note":"","_monsterinsights_sitenote_category":0},"product_brand":[],"product_cat":[1503,1561,1511],"product_tag":[991,292,295,1008,293],"class_list":{"0":"post-26280","1":"product","2":"type-product","3":"status-publish","4":"has-post-thumbnail","6":"product_cat-cataluna","7":"product_cat-girona-costa-brava-es","8":"product_cat-guia-mapa-es","9":"product_tag-aleman-es","10":"product_tag-catalan","11":"product_tag-espanol","12":"product_tag-frances-es","13":"product_tag-ingles","14":"pa_idioma-catalan","15":"pa_idioma-deutsch-es","16":"pa_idioma-english-es","17":"pa_idioma-espanol-es-2","18":"pa_idioma-francais-es","20":"first","21":"instock","22":"taxable","23":"shipping-taxable","24":"purchasable","25":"product-type-variable","26":"has-default-attributes"},"acf":[],"_links":{"self":[{"href":"https:\/\/triangle.cat\/es\/wp-json\/wp\/v2\/product\/26280","targetHints":{"allow":["GET"]}}],"collection":[{"href":"https:\/\/triangle.cat\/es\/wp-json\/wp\/v2\/product"}],"about":[{"href":"https:\/\/triangle.cat\/es\/wp-json\/wp\/v2\/types\/product"}],"replies":[{"embeddable":true,"href":"https:\/\/triangle.cat\/es\/wp-json\/wp\/v2\/comments?post=26280"}],"wp:featuredmedia":[{"embeddable":true,"href":"https:\/\/triangle.cat\/es\/wp-json\/wp\/v2\/media\/21225"}],"wp:attachment":[{"href":"https:\/\/triangle.cat\/es\/wp-json\/wp\/v2\/media?parent=26280"}],"wp:term":[{"taxonomy":"product_brand","embeddable":true,"href":"https:\/\/triangle.cat\/es\/wp-json\/wp\/v2\/product_brand?post=26280"},{"taxonomy":"product_cat","embeddable":true,"href":"https:\/\/triangle.cat\/es\/wp-json\/wp\/v2\/product_cat?post=26280"},{"taxonomy":"product_tag","embeddable":true,"href":"https:\/\/triangle.cat\/es\/wp-json\/wp\/v2\/product_tag?post=26280"}],"curies":[{"name":"wp","href":"https:\/\/api.w.org\/{rel}","templated":true}]}}