
{"id":26273,"date":"2023-02-13T14:26:36","date_gmt":"2023-02-13T15:40:51","guid":{"rendered":"https:\/\/www.triangleeditorial.com\/producto\/visita-a-las-cuevas-del-drach\/"},"modified":"2023-02-13T15:41:40","modified_gmt":"2023-02-13T15:41:40","slug":"visita-a-las-cuevas-del-drach","status":"publish","type":"product","link":"https:\/\/triangle.cat\/es\/producto\/visita-a-las-cuevas-del-drach\/","title":{"rendered":"Visita a las Cuevas del Drach"},"content":{"rendered":"","protected":false},"excerpt":{"rendered":"<p>La Visita a las Cuevas del Drach es un detallado recorrido por un mundo de ensue\u00f1o y belleza. Un m\u00e1gico regalo para nuestros sentidos, fruto de la labor paciente y silenciosa de la naturaleza. La Visita a las Cuevas del Drach tambi\u00e9n es una historia fascinante: exploradores y cient\u00edficos de todo el mundo han participado en el descubrimiento de las cuevas y han contribuido a su divulgaci\u00f3n, prestigio y popularidad.<\/p>\n","protected":false},"featured_media":21214,"comment_status":"closed","ping_status":"open","template":"","meta":{"_acf_changed":false,"_monsterinsights_skip_tracking":false,"_monsterinsights_sitenote_active":false,"_monsterinsights_sitenote_note":"","_monsterinsights_sitenote_category":0},"product_brand":[],"product_cat":[1527,1570],"product_tag":[991,292,295,1008,293,319],"class_list":{"0":"post-26273","1":"product","2":"type-product","3":"status-publish","4":"has-post-thumbnail","6":"product_cat-islas-baleares","7":"product_cat-mallorca-es","8":"product_tag-aleman-es","9":"product_tag-catalan","10":"product_tag-espanol","11":"product_tag-frances-es","12":"product_tag-ingles","13":"product_tag-italiano","14":"pa_idioma-catalan","15":"pa_idioma-deutsch-es","16":"pa_idioma-english-es","17":"pa_idioma-espanol-es-2","18":"pa_idioma-francais-es","19":"pa_idioma-italiano-es","21":"first","22":"instock","23":"taxable","24":"shipping-taxable","25":"purchasable","26":"product-type-variable","27":"has-default-attributes"},"acf":[],"_links":{"self":[{"href":"https:\/\/triangle.cat\/es\/wp-json\/wp\/v2\/product\/26273","targetHints":{"allow":["GET"]}}],"collection":[{"href":"https:\/\/triangle.cat\/es\/wp-json\/wp\/v2\/product"}],"about":[{"href":"https:\/\/triangle.cat\/es\/wp-json\/wp\/v2\/types\/product"}],"replies":[{"embeddable":true,"href":"https:\/\/triangle.cat\/es\/wp-json\/wp\/v2\/comments?post=26273"}],"wp:featuredmedia":[{"embeddable":true,"href":"https:\/\/triangle.cat\/es\/wp-json\/wp\/v2\/media\/21214"}],"wp:attachment":[{"href":"https:\/\/triangle.cat\/es\/wp-json\/wp\/v2\/media?parent=26273"}],"wp:term":[{"taxonomy":"product_brand","embeddable":true,"href":"https:\/\/triangle.cat\/es\/wp-json\/wp\/v2\/product_brand?post=26273"},{"taxonomy":"product_cat","embeddable":true,"href":"https:\/\/triangle.cat\/es\/wp-json\/wp\/v2\/product_cat?post=26273"},{"taxonomy":"product_tag","embeddable":true,"href":"https:\/\/triangle.cat\/es\/wp-json\/wp\/v2\/product_tag?post=26273"}],"curies":[{"name":"wp","href":"https:\/\/api.w.org\/{rel}","templated":true}]}}