
{"id":26266,"date":"2023-02-13T14:25:54","date_gmt":"2023-02-13T15:40:16","guid":{"rendered":"https:\/\/www.triangleeditorial.com\/producto\/el-cami-de-cavalls\/"},"modified":"2025-05-11T14:26:20","modified_gmt":"2025-05-11T12:26:20","slug":"el-cami-de-cavalls","status":"publish","type":"product","link":"https:\/\/triangle.cat\/es\/producto\/el-cami-de-cavalls\/","title":{"rendered":"El Cam\u00ed de Cavalls"},"content":{"rendered":"","protected":false},"excerpt":{"rendered":"<p>Menorca, considerada por la UNESCO Reserva de la Biosfera, es una joya en el coraz\u00f3n del Mediterr\u00e1neo en la que se han conservado excepcionalmente bien los valores culturales y naturales. De la mano de Sergi Lara, gu\u00eda de monta\u00f1a profesional, se podr\u00e1n recorrer con todo tipo de indicaciones y detalles los m\u00e1s de 200 km del GR 223, el hist\u00f3rico Cam\u00ed de Cavalls que circunvala toda Menorca.<\/p>\n","protected":false},"featured_media":21203,"comment_status":"closed","ping_status":"closed","template":"","meta":{"_acf_changed":false,"_monsterinsights_skip_tracking":false,"_monsterinsights_sitenote_active":false,"_monsterinsights_sitenote_note":"","_monsterinsights_sitenote_category":0},"product_brand":[],"product_cat":[1527,1521],"product_tag":[991,292,295,1008,293,319],"class_list":{"0":"post-26266","1":"product","2":"type-product","3":"status-publish","4":"has-post-thumbnail","6":"product_cat-islas-baleares","7":"product_cat-senderismo-y-ciclismo","8":"product_tag-aleman-es","9":"product_tag-catalan","10":"product_tag-espanol","11":"product_tag-frances-es","12":"product_tag-ingles","13":"product_tag-italiano","14":"pa_idioma-catalan","15":"pa_idioma-deutsch-es","16":"pa_idioma-english-es","17":"pa_idioma-espanol-es-2","18":"pa_idioma-francais-es","19":"pa_idioma-italiano-es","21":"first","22":"instock","23":"taxable","24":"shipping-taxable","25":"purchasable","26":"product-type-variable","27":"has-default-attributes"},"acf":[],"_links":{"self":[{"href":"https:\/\/triangle.cat\/es\/wp-json\/wp\/v2\/product\/26266","targetHints":{"allow":["GET"]}}],"collection":[{"href":"https:\/\/triangle.cat\/es\/wp-json\/wp\/v2\/product"}],"about":[{"href":"https:\/\/triangle.cat\/es\/wp-json\/wp\/v2\/types\/product"}],"replies":[{"embeddable":true,"href":"https:\/\/triangle.cat\/es\/wp-json\/wp\/v2\/comments?post=26266"}],"wp:featuredmedia":[{"embeddable":true,"href":"https:\/\/triangle.cat\/es\/wp-json\/wp\/v2\/media\/21203"}],"wp:attachment":[{"href":"https:\/\/triangle.cat\/es\/wp-json\/wp\/v2\/media?parent=26266"}],"wp:term":[{"taxonomy":"product_brand","embeddable":true,"href":"https:\/\/triangle.cat\/es\/wp-json\/wp\/v2\/product_brand?post=26266"},{"taxonomy":"product_cat","embeddable":true,"href":"https:\/\/triangle.cat\/es\/wp-json\/wp\/v2\/product_cat?post=26266"},{"taxonomy":"product_tag","embeddable":true,"href":"https:\/\/triangle.cat\/es\/wp-json\/wp\/v2\/product_tag?post=26266"}],"curies":[{"name":"wp","href":"https:\/\/api.w.org\/{rel}","templated":true}]}}