
{"id":26258,"date":"2023-02-13T14:25:21","date_gmt":"2023-02-13T15:39:36","guid":{"rendered":"https:\/\/www.triangleeditorial.com\/producto\/costa-brava-4\/"},"modified":"2024-03-20T23:43:06","modified_gmt":"2024-03-20T21:43:06","slug":"costa-brava-4","status":"publish","type":"product","link":"https:\/\/triangle.cat\/es\/producto\/costa-brava-4\/","title":{"rendered":"Costa Brava"},"content":{"rendered":"","protected":false},"excerpt":{"rendered":"<p>Una completa gu\u00eda, con m\u00e1s de 500 im\u00e1genes, para acompa\u00f1arles durante su estancia en la Costa Brava. Los pueblos marineros con sus mejores calas y playas. Los parques naturales, los museos, la gastronom\u00eda y las bodegas. Rutas tem\u00e1ticas para descubrir el rom\u00e1nico, el modernismo, los pueblos medievales, la ciudad de Girona y el tri\u00e1ngulo daliniano. Las actividades de ocio m\u00e1s destacadas. Las fiestas, las ferias y los festivales de m\u00fasica m\u00e1s importantes, as\u00ed como propuestas de alojamiento y restauraci\u00f3n. Incluye un mapa detallado de la Costa Brava y sus principales municipios.<\/p>\n","protected":false},"featured_media":21191,"comment_status":"closed","ping_status":"closed","template":"","meta":{"_acf_changed":false,"_monsterinsights_skip_tracking":false,"_monsterinsights_sitenote_active":false,"_monsterinsights_sitenote_note":"","_monsterinsights_sitenote_category":0},"product_brand":[],"product_cat":[1503,1561,1511],"product_tag":[991,292,295,1008,293,319,1089],"class_list":{"0":"post-26258","1":"product","2":"type-product","3":"status-publish","4":"has-post-thumbnail","6":"product_cat-cataluna","7":"product_cat-girona-costa-brava-es","8":"product_cat-guia-mapa-es","9":"product_tag-aleman-es","10":"product_tag-catalan","11":"product_tag-espanol","12":"product_tag-frances-es","13":"product_tag-ingles","14":"product_tag-italiano","15":"product_tag-ruso-es","16":"pa_idioma-catalan","17":"pa_idioma-deutsch-es","18":"pa_idioma-english-es","19":"pa_idioma-espanol-es-2","20":"pa_idioma-francais-es","21":"pa_idioma-italiano-es","22":"pa_idioma--es","24":"first","25":"instock","26":"taxable","27":"shipping-taxable","28":"purchasable","29":"product-type-variable","30":"has-default-attributes"},"acf":[],"_links":{"self":[{"href":"https:\/\/triangle.cat\/es\/wp-json\/wp\/v2\/product\/26258","targetHints":{"allow":["GET"]}}],"collection":[{"href":"https:\/\/triangle.cat\/es\/wp-json\/wp\/v2\/product"}],"about":[{"href":"https:\/\/triangle.cat\/es\/wp-json\/wp\/v2\/types\/product"}],"replies":[{"embeddable":true,"href":"https:\/\/triangle.cat\/es\/wp-json\/wp\/v2\/comments?post=26258"}],"wp:featuredmedia":[{"embeddable":true,"href":"https:\/\/triangle.cat\/es\/wp-json\/wp\/v2\/media\/21191"}],"wp:attachment":[{"href":"https:\/\/triangle.cat\/es\/wp-json\/wp\/v2\/media?parent=26258"}],"wp:term":[{"taxonomy":"product_brand","embeddable":true,"href":"https:\/\/triangle.cat\/es\/wp-json\/wp\/v2\/product_brand?post=26258"},{"taxonomy":"product_cat","embeddable":true,"href":"https:\/\/triangle.cat\/es\/wp-json\/wp\/v2\/product_cat?post=26258"},{"taxonomy":"product_tag","embeddable":true,"href":"https:\/\/triangle.cat\/es\/wp-json\/wp\/v2\/product_tag?post=26258"}],"curies":[{"name":"wp","href":"https:\/\/api.w.org\/{rel}","templated":true}]}}