
{"id":26251,"date":"2023-02-13T14:24:49","date_gmt":"2023-02-13T15:39:00","guid":{"rendered":"https:\/\/www.triangleeditorial.com\/producto\/guia-catedral-de-barcelona\/"},"modified":"2023-02-13T15:39:38","modified_gmt":"2023-02-13T15:39:38","slug":"guia-catedral-de-barcelona","status":"publish","type":"product","link":"https:\/\/triangle.cat\/es\/producto\/guia-catedral-de-barcelona\/","title":{"rendered":"Guia Catedral de Barcelona"},"content":{"rendered":"","protected":false},"excerpt":{"rendered":"<p>La catedral de Barcelona, ejemplo paradigm\u00e1tico del g\u00f3tico catal\u00e1n, se construy\u00f3 b\u00e1sicamente entre los siglos xiv y xv. Mantiene una posici\u00f3n privilegiada en el car\u00e1cter de la ciudad tanto por su valor patrimonial como por su enorme peso en la historia del pa\u00eds y en la fe de los barceloneses. Sus tres grandes naves, rodeadas de capillas que se alojan entre los contrafuertes, exhiben la sobrecogedora verticalidad del estilo g\u00f3tico, traducida en el exterior en su fachada y sus pin\u00e1culos.<\/p>\n","protected":false},"featured_media":21180,"comment_status":"closed","ping_status":"open","template":"","meta":{"_acf_changed":false,"_monsterinsights_skip_tracking":false,"_monsterinsights_sitenote_active":false,"_monsterinsights_sitenote_note":"","_monsterinsights_sitenote_category":0},"product_brand":[],"product_cat":[1537,1540,1501,1506],"product_tag":[991,292,295,1008,293,319],"class_list":{"0":"post-26251","1":"product","2":"type-product","3":"status-publish","4":"has-post-thumbnail","6":"product_cat-arte-y-arquitectura-es","7":"product_cat-barcelona-es-2","8":"product_cat-barcelona-es","9":"product_cat-coleccion-patrimonium","10":"product_tag-aleman-es","11":"product_tag-catalan","12":"product_tag-espanol","13":"product_tag-frances-es","14":"product_tag-ingles","15":"product_tag-italiano","16":"pa_idioma-catalan","17":"pa_idioma-deutsch-es","18":"pa_idioma-english-es","19":"pa_idioma-espanol-es-2","20":"pa_idioma-francais-es","21":"pa_idioma-italiano-es","23":"first","24":"instock","25":"taxable","26":"shipping-taxable","27":"purchasable","28":"product-type-variable","29":"has-default-attributes"},"acf":[],"_links":{"self":[{"href":"https:\/\/triangle.cat\/es\/wp-json\/wp\/v2\/product\/26251","targetHints":{"allow":["GET"]}}],"collection":[{"href":"https:\/\/triangle.cat\/es\/wp-json\/wp\/v2\/product"}],"about":[{"href":"https:\/\/triangle.cat\/es\/wp-json\/wp\/v2\/types\/product"}],"replies":[{"embeddable":true,"href":"https:\/\/triangle.cat\/es\/wp-json\/wp\/v2\/comments?post=26251"}],"wp:featuredmedia":[{"embeddable":true,"href":"https:\/\/triangle.cat\/es\/wp-json\/wp\/v2\/media\/21180"}],"wp:attachment":[{"href":"https:\/\/triangle.cat\/es\/wp-json\/wp\/v2\/media?parent=26251"}],"wp:term":[{"taxonomy":"product_brand","embeddable":true,"href":"https:\/\/triangle.cat\/es\/wp-json\/wp\/v2\/product_brand?post=26251"},{"taxonomy":"product_cat","embeddable":true,"href":"https:\/\/triangle.cat\/es\/wp-json\/wp\/v2\/product_cat?post=26251"},{"taxonomy":"product_tag","embeddable":true,"href":"https:\/\/triangle.cat\/es\/wp-json\/wp\/v2\/product_tag?post=26251"}],"curies":[{"name":"wp","href":"https:\/\/api.w.org\/{rel}","templated":true}]}}