
{"id":26242,"date":"2023-02-13T14:24:08","date_gmt":"2023-02-13T15:38:15","guid":{"rendered":"https:\/\/www.triangleeditorial.com\/producto\/barcelona-10\/"},"modified":"2025-03-12T15:01:26","modified_gmt":"2025-03-12T13:01:26","slug":"barcelona-10","status":"publish","type":"product","link":"https:\/\/triangle.cat\/es\/producto\/barcelona-10\/","title":{"rendered":"Barcelona"},"content":{"rendered":"","protected":false},"excerpt":{"rendered":"<p>Barcelona es la capital del Mediterr\u00e1neo y la joya del modernismo europeo. Para orientarse por ella nada mejor que esta gu\u00eda, cuyos pr\u00e1cticos m\u00e1s de veinte planos nos ayudan a transitar por el ambiente cosmopolita y el colorido local de sus barrios. La gu\u00eda nos descubre las obras de Gaud\u00ed, Picasso, Mir\u00f3 o T\u00e0pies; recomienda las mejores playas, jardines, museos y monumentos; asesora sobre la gastronom\u00eda local, desde el tapeo a los restaurantes con estrella Michelin; informa de la oferta teatral, musical, deportiva y festiva; rese\u00f1a los mejores comercios de todo tipo, desde las tiendas centenarias y con encanto hasta las m\u00e1s vanguardistas; y nos muestra los mejores atractivos tur\u00edsticos que nos ofrece el territorio cercano a Barcelona. Todo ello de manera \u00e1gil y asequible.<\/p>\n","protected":false},"featured_media":41481,"comment_status":"closed","ping_status":"closed","template":"","meta":{"_acf_changed":false,"_monsterinsights_skip_tracking":false,"_monsterinsights_sitenote_active":false,"_monsterinsights_sitenote_note":"","_monsterinsights_sitenote_category":0},"product_brand":[],"product_cat":[1501,1540],"product_tag":[991,292,295,1008,293,319,1095,1089],"class_list":{"0":"post-26242","1":"product","2":"type-product","3":"status-publish","4":"has-post-thumbnail","6":"product_cat-barcelona-es","7":"product_cat-barcelona-es-2","8":"product_tag-aleman-es","9":"product_tag-catalan","10":"product_tag-espanol","11":"product_tag-frances-es","12":"product_tag-ingles","13":"product_tag-italiano","14":"product_tag-japones-es","15":"product_tag-ruso-es","16":"pa_idioma-catalan","17":"pa_idioma-deutsch-es","18":"pa_idioma-english-es","19":"pa_idioma-espanol-es-2","20":"pa_idioma-francais-es","21":"pa_idioma-italiano-es","22":"pa_idioma--es","25":"first","26":"instock","27":"taxable","28":"shipping-taxable","29":"purchasable","30":"product-type-variable","31":"has-default-attributes"},"acf":[],"_links":{"self":[{"href":"https:\/\/triangle.cat\/es\/wp-json\/wp\/v2\/product\/26242","targetHints":{"allow":["GET"]}}],"collection":[{"href":"https:\/\/triangle.cat\/es\/wp-json\/wp\/v2\/product"}],"about":[{"href":"https:\/\/triangle.cat\/es\/wp-json\/wp\/v2\/types\/product"}],"replies":[{"embeddable":true,"href":"https:\/\/triangle.cat\/es\/wp-json\/wp\/v2\/comments?post=26242"}],"wp:featuredmedia":[{"embeddable":true,"href":"https:\/\/triangle.cat\/es\/wp-json\/wp\/v2\/media\/41481"}],"wp:attachment":[{"href":"https:\/\/triangle.cat\/es\/wp-json\/wp\/v2\/media?parent=26242"}],"wp:term":[{"taxonomy":"product_brand","embeddable":true,"href":"https:\/\/triangle.cat\/es\/wp-json\/wp\/v2\/product_brand?post=26242"},{"taxonomy":"product_cat","embeddable":true,"href":"https:\/\/triangle.cat\/es\/wp-json\/wp\/v2\/product_cat?post=26242"},{"taxonomy":"product_tag","embeddable":true,"href":"https:\/\/triangle.cat\/es\/wp-json\/wp\/v2\/product_tag?post=26242"}],"curies":[{"name":"wp","href":"https:\/\/api.w.org\/{rel}","templated":true}]}}