
{"id":26238,"date":"2023-02-13T14:22:02","date_gmt":"2023-02-13T15:36:39","guid":{"rendered":"https:\/\/www.triangleeditorial.com\/producto\/gaudi-6\/"},"modified":"2025-10-09T11:14:58","modified_gmt":"2025-10-09T09:14:58","slug":"gaudi-6","status":"publish","type":"product","link":"https:\/\/triangle.cat\/es\/producto\/gaudi-6\/","title":{"rendered":"Gaud\u00ed"},"content":{"rendered":"","protected":false},"excerpt":{"rendered":"<p>Antoni Gaud\u00ed es el arquitecto catal\u00e1n de m\u00e1s relieve internacional y un artista complejo que realiza su obra en un momento muy concreto de la historia de Barcelona, de Catalu\u00f1a y de la arquitectura internacional.Juan Jos\u00e9 Lahuerta, director de la C\u00e0tedra Gaud\u00ed, explica detalladamente ese contexto para poder entender al arquitecto en toda su riqueza y complejidad.<\/p>\n","protected":false},"featured_media":29994,"comment_status":"closed","ping_status":"closed","template":"","meta":{"_acf_changed":false,"_monsterinsights_skip_tracking":false,"_monsterinsights_sitenote_active":false,"_monsterinsights_sitenote_note":"","_monsterinsights_sitenote_category":0},"product_brand":[],"product_cat":[1558,1537,1540],"product_tag":[],"class_list":{"0":"post-26238","1":"product","2":"type-product","3":"status-publish","4":"has-post-thumbnail","6":"product_cat-antoni-gaudi-es","7":"product_cat-arte-y-arquitectura-es","8":"product_cat-barcelona-es-2","9":"pa_idioma-catalan","10":"pa_idioma-english-es","11":"pa_idioma-espanol-es-2","13":"first","14":"instock","15":"taxable","16":"shipping-taxable","17":"purchasable","18":"product-type-variable","19":"has-default-attributes"},"acf":[],"_links":{"self":[{"href":"https:\/\/triangle.cat\/es\/wp-json\/wp\/v2\/product\/26238","targetHints":{"allow":["GET"]}}],"collection":[{"href":"https:\/\/triangle.cat\/es\/wp-json\/wp\/v2\/product"}],"about":[{"href":"https:\/\/triangle.cat\/es\/wp-json\/wp\/v2\/types\/product"}],"replies":[{"embeddable":true,"href":"https:\/\/triangle.cat\/es\/wp-json\/wp\/v2\/comments?post=26238"}],"wp:featuredmedia":[{"embeddable":true,"href":"https:\/\/triangle.cat\/es\/wp-json\/wp\/v2\/media\/29994"}],"wp:attachment":[{"href":"https:\/\/triangle.cat\/es\/wp-json\/wp\/v2\/media?parent=26238"}],"wp:term":[{"taxonomy":"product_brand","embeddable":true,"href":"https:\/\/triangle.cat\/es\/wp-json\/wp\/v2\/product_brand?post=26238"},{"taxonomy":"product_cat","embeddable":true,"href":"https:\/\/triangle.cat\/es\/wp-json\/wp\/v2\/product_cat?post=26238"},{"taxonomy":"product_tag","embeddable":true,"href":"https:\/\/triangle.cat\/es\/wp-json\/wp\/v2\/product_tag?post=26238"}],"curies":[{"name":"wp","href":"https:\/\/api.w.org\/{rel}","templated":true}]}}